{"id":5973,"date":"2021-07-28T06:00:04","date_gmt":"2021-07-28T06:00:04","guid":{"rendered":"https:\/\/whitedental-aesthetic.al\/?page_id=5973"},"modified":"2024-07-18T09:48:31","modified_gmt":"2024-07-18T09:48:31","slug":"sherbimet-dentare","status":"publish","type":"page","link":"https:\/\/whitedental-aesthetic.al\/sq\/sherbimet-dentare\/","title":{"rendered":"Sh\u00ebrbimet Dentare"},"content":{"rendered":"\t\t<div data-elementor-type=\"wp-page\" data-elementor-id=\"5973\" class=\"elementor elementor-5973 elementor-64\" data-elementor-post-type=\"page\">\n\t\t\t\t\t\t<div class=\"elementor-section elementor-top-section elementor-element elementor-element-e9907a0 elementor-section-full_width elementor-section-height-min-height elementor-section-height-default elementor-section-items-middle\" data-id=\"e9907a0\" data-element_type=\"section\" data-e-type=\"section\">\n\t\t\t\t\t\t<div class=\"elementor-container elementor-column-gap-no\">\n\t\t\t\t\t<div class=\"elementor-column elementor-col-100 elementor-top-column elementor-element elementor-element-797e902\" data-id=\"797e902\" data-element_type=\"column\" data-e-type=\"column\">\n\t\t\t<div class=\"elementor-widget-wrap elementor-element-populated\">\n\t\t\t\t\t\t<div class=\"elementor-element elementor-element-15b5e70 elementor-widget elementor-widget-rolabannerseven\" data-id=\"15b5e70\" data-element_type=\"widget\" data-e-type=\"widget\" data-widget_type=\"rolabannerseven.default\">\n\t\t\t\t<div class=\"elementor-widget-container\">\n\t\t\t\t\t\r\n        <div class=\"eye-care-banner-area\">\r\n            <div class=\"container-fluid\">\r\n                <div class=\"row align-items-center\">\r\n                    <div class=\"col-lg-5 col-md-12\">\r\n                        <div class=\"eye-care-banner-content\">\r\n                                                            <span class=\"sub-title wow fadeInDown\" data-wow-delay=\"0.5s\">\r\n                                                                            <i class=\"bx bx-hash\"><\/i>\r\n                                                                        SH\u00cbRBIMET TONA DENTARE                                <\/span>\r\n                                                        <h2  class=\"wow fadeInLeft\" data-wow-delay=\"0.5s\">\r\n                                <b>Sh\u00ebndeti <\/b> juaj \u00ebsht\u00eb prioriteti yn\u00eb.                            <\/h2>\r\n\r\n                            <p class=\"wow fadeInLeft\" data-wow-delay=\"0.5s\">Klinika White Dental ofron nj\u00eb gam\u00eb t\u00eb gjer\u00eb sh\u00ebrbimesh p\u00ebr kujdesin e sh\u00ebndetit tuaj dentar. Nga kontrolli rutinor i p\u00ebrditsh\u00ebm deri te operacionet kozmetike dhe nga operacionet e komplikuara deri te trajtimi i fytit, t\u00eb gjitha mund t\u00eb trajtohen n\u00eb vendin ton\u00eb.<\/p>\r\n                            \r\n                            <ul class=\"banner-btn-with-info wow fadeInDown\" data-wow-delay=\"0.5s\">\r\n                                \r\n                                                                                                    \r\n                                                            <\/ul>\r\n                        <\/div>\r\n                    <\/div>\r\n\r\n                                            <div class=\"col-lg-7 col-md-12\">\r\n                            <div class=\"eye-care-banner-image\">\r\n                                <img decoding=\"async\" src=\"http:\/\/whitedental-aesthetic.al\/wp-content\/uploads\/2023\/12\/w1-40-1.jpg\" alt=\"image\">\r\n                            <\/div>\r\n                        <\/div>\r\n                                    <\/div>\r\n            <\/div>\r\n        <\/div>\r\n        \t\t\t\t<\/div>\n\t\t\t\t<\/div>\n\t\t\t\t<div class=\"elementor-element elementor-element-cdf0aa0 elementor-widget elementor-widget-spacer\" data-id=\"cdf0aa0\" data-element_type=\"widget\" data-e-type=\"widget\" data-widget_type=\"spacer.default\">\n\t\t\t\t<div class=\"elementor-widget-container\">\n\t\t\t\t\t\t\t<div class=\"elementor-spacer\">\n\t\t\t<div class=\"elementor-spacer-inner\"><\/div>\n\t\t<\/div>\n\t\t\t\t\t\t<\/div>\n\t\t\t\t<\/div>\n\t\t\t\t<div class=\"elementor-element elementor-element-4e1af83 elementor-widget elementor-widget-Rola_Section\" data-id=\"4e1af83\" data-element_type=\"widget\" data-e-type=\"widget\" data-widget_type=\"Rola_Section.default\">\n\t\t\t\t<div class=\"elementor-widget-container\">\n\t\t\t\t\t                    <div class=\"container\">\r\n                <div class=\"section-title\">\r\n                                        <h3>Merrni kujdes t\u00eb specializuar p\u00ebrmes precizionit, artizanatit dhe p\u00ebrvoj\u00ebs<\/h3>\r\n                    <p><\/p>\r\n                <\/div>\r\n            <\/div>\r\n        \r\n        \t\t\t\t<\/div>\n\t\t\t\t<\/div>\n\t\t\t\t<div class=\"elementor-element elementor-element-7df347c elementor-widget elementor-widget-rolaServices_Area\" data-id=\"7df347c\" data-element_type=\"widget\" data-e-type=\"widget\" data-widget_type=\"rolaServices_Area.default\">\n\t\t\t\t<div class=\"elementor-widget-container\">\n\t\t\t\t\t\r\n                    <div class=\"container\">\r\n                <div class=\"row\">\r\n                    \r\n                        <div class=\"col-lg-4 col-sm-6\">\r\n                            <div class=\"single-services\">\r\n                                                                    <div class=\"services-image\">\r\n                                        <a href=\"https:\/\/whitedental-aesthetic.al\/sq\/service-post\/faseta-e-max\/\">\r\n                                            <img decoding=\"async\" src=\"https:\/\/whitedental-aesthetic.al\/wp-content\/uploads\/2023\/12\/w1-14-550x500.jpg\" alt=\"Faseta E-Max\">\r\n                                        <\/a>\r\n\r\n                                                                            <\/div>\r\n                                \r\n                                <div class=\"services-content\">\r\n                                    <h3>\r\n                                        <a href=\"https:\/\/whitedental-aesthetic.al\/sq\/service-post\/faseta-e-max\/\">\r\n                                            Faseta E-Max                                        <\/a>\r\n                                    <\/h3>\r\n\r\n                                    <p><\/p>\r\n\r\n                                                                        <a href=\"https:\/\/whitedental-aesthetic.al\/sq\/service-post\/faseta-e-max\/\" class=\"services-btn\">Lexoni m\u00eb shum\u00eb<\/a>\r\n                                    \r\n                                <\/div>\r\n                            <\/div>\r\n\r\n                        <\/div>\r\n\r\n                    \r\n                        <div class=\"col-lg-4 col-sm-6\">\r\n                            <div class=\"single-services\">\r\n                                                                    <div class=\"services-image\">\r\n                                        <a href=\"https:\/\/whitedental-aesthetic.al\/sq\/service-post\/composite-veneers\/\">\r\n                                            <img decoding=\"async\" src=\"https:\/\/whitedental-aesthetic.al\/wp-content\/uploads\/2023\/12\/f1s-2023-07-05T174837.234-550x500.jpg\" alt=\"Composite Veneers\">\r\n                                        <\/a>\r\n\r\n                                                                            <\/div>\r\n                                \r\n                                <div class=\"services-content\">\r\n                                    <h3>\r\n                                        <a href=\"https:\/\/whitedental-aesthetic.al\/sq\/service-post\/composite-veneers\/\">\r\n                                            Composite Veneers                                        <\/a>\r\n                                    <\/h3>\r\n\r\n                                    <p><\/p>\r\n\r\n                                                                        <a href=\"https:\/\/whitedental-aesthetic.al\/sq\/service-post\/composite-veneers\/\" class=\"services-btn\">Lexoni m\u00eb shum\u00eb<\/a>\r\n                                    \r\n                                <\/div>\r\n                            <\/div>\r\n\r\n                        <\/div>\r\n\r\n                    \r\n                        <div class=\"col-lg-4 col-sm-6\">\r\n                            <div class=\"single-services\">\r\n                                                                    <div class=\"services-image\">\r\n                                        <a href=\"https:\/\/whitedental-aesthetic.al\/sq\/service-post\/rekonstruksioni-me-ndihmen-e-vidhave\/\">\r\n                                            <img decoding=\"async\" src=\"https:\/\/whitedental-aesthetic.al\/wp-content\/uploads\/2023\/12\/w1-29-550x500.jpg\" alt=\"Rekonstruksioni me Ndihm\u00ebn e Vidhave\">\r\n                                        <\/a>\r\n\r\n                                                                            <\/div>\r\n                                \r\n                                <div class=\"services-content\">\r\n                                    <h3>\r\n                                        <a href=\"https:\/\/whitedental-aesthetic.al\/sq\/service-post\/rekonstruksioni-me-ndihmen-e-vidhave\/\">\r\n                                            Rekonstruksioni me Ndihm\u00ebn e Vidhave                                        <\/a>\r\n                                    <\/h3>\r\n\r\n                                    <p><\/p>\r\n\r\n                                                                        <a href=\"https:\/\/whitedental-aesthetic.al\/sq\/service-post\/rekonstruksioni-me-ndihmen-e-vidhave\/\" class=\"services-btn\">Lexoni m\u00eb shum\u00eb<\/a>\r\n                                    \r\n                                <\/div>\r\n                            <\/div>\r\n\r\n                        <\/div>\r\n\r\n                    \r\n                        <div class=\"col-lg-4 col-sm-6\">\r\n                            <div class=\"single-services\">\r\n                                                                    <div class=\"services-image\">\r\n                                        <a href=\"https:\/\/whitedental-aesthetic.al\/sq\/service-post\/mbrojtesi-i-bute-i-buzeve\/\">\r\n                                            <img decoding=\"async\" src=\"https:\/\/whitedental-aesthetic.al\/wp-content\/uploads\/2023\/12\/f1-10-550x500.jpg\" alt=\"Mbrojt\u00ebsi i But\u00eb i Buz\u00ebve\">\r\n                                        <\/a>\r\n\r\n                                                                            <\/div>\r\n                                \r\n                                <div class=\"services-content\">\r\n                                    <h3>\r\n                                        <a href=\"https:\/\/whitedental-aesthetic.al\/sq\/service-post\/mbrojtesi-i-bute-i-buzeve\/\">\r\n                                            Mbrojt\u00ebsi i But\u00eb i Buz\u00ebve                                        <\/a>\r\n                                    <\/h3>\r\n\r\n                                    <p><\/p>\r\n\r\n                                                                        <a href=\"https:\/\/whitedental-aesthetic.al\/sq\/service-post\/mbrojtesi-i-bute-i-buzeve\/\" class=\"services-btn\">Lexoni m\u00eb shum\u00eb<\/a>\r\n                                    \r\n                                <\/div>\r\n                            <\/div>\r\n\r\n                        <\/div>\r\n\r\n                    \r\n                        <div class=\"col-lg-4 col-sm-6\">\r\n                            <div class=\"single-services\">\r\n                                                                    <div class=\"services-image\">\r\n                                        <a href=\"https:\/\/whitedental-aesthetic.al\/sq\/service-post\/trajtimi-i-mishrave-te-dhembeve-me-laser\/\">\r\n                                            <img decoding=\"async\" src=\"https:\/\/whitedental-aesthetic.al\/wp-content\/uploads\/2023\/12\/Laser-gum-surgery-1296x728-slide1-550x500.webp\" alt=\"Trajtimi i Mishrave t\u00eb Dh\u00ebmb\u00ebve me Laser\">\r\n                                        <\/a>\r\n\r\n                                                                            <\/div>\r\n                                \r\n                                <div class=\"services-content\">\r\n                                    <h3>\r\n                                        <a href=\"https:\/\/whitedental-aesthetic.al\/sq\/service-post\/trajtimi-i-mishrave-te-dhembeve-me-laser\/\">\r\n                                            Trajtimi i Mishrave t\u00eb Dh\u00ebmb\u00ebve me Laser                                        <\/a>\r\n                                    <\/h3>\r\n\r\n                                    <p><\/p>\r\n\r\n                                                                        <a href=\"https:\/\/whitedental-aesthetic.al\/sq\/service-post\/trajtimi-i-mishrave-te-dhembeve-me-laser\/\" class=\"services-btn\">Lexoni m\u00eb shum\u00eb<\/a>\r\n                                    \r\n                                <\/div>\r\n                            <\/div>\r\n\r\n                        <\/div>\r\n\r\n                    \r\n                        <div class=\"col-lg-4 col-sm-6\">\r\n                            <div class=\"single-services\">\r\n                                                                    <div class=\"services-image\">\r\n                                        <a href=\"https:\/\/whitedental-aesthetic.al\/sq\/service-post\/transplanti-i-kockes\/\">\r\n                                            <img decoding=\"async\" src=\"https:\/\/whitedental-aesthetic.al\/wp-content\/uploads\/2023\/12\/w1-7-550x500.jpg\" alt=\"Transplanti i Kock\u00ebs\">\r\n                                        <\/a>\r\n\r\n                                                                            <\/div>\r\n                                \r\n                                <div class=\"services-content\">\r\n                                    <h3>\r\n                                        <a href=\"https:\/\/whitedental-aesthetic.al\/sq\/service-post\/transplanti-i-kockes\/\">\r\n                                            Transplanti i Kock\u00ebs                                        <\/a>\r\n                                    <\/h3>\r\n\r\n                                    <p><\/p>\r\n\r\n                                                                        <a href=\"https:\/\/whitedental-aesthetic.al\/sq\/service-post\/transplanti-i-kockes\/\" class=\"services-btn\">Lexoni m\u00eb shum\u00eb<\/a>\r\n                                    \r\n                                <\/div>\r\n                            <\/div>\r\n\r\n                        <\/div>\r\n\r\n                    \r\n                                            <div class=\"col-lg-12 col-md-12\">\r\n                            <div class=\"pagination-area\">\r\n                                <nav aria-label=\"navigation\" class=\"nav-links\">\r\n                                <span aria-label=\"Page 1\" aria-current=\"page\" class=\"page-numbers current\">1<\/span>\n<a aria-label=\"Page 2\" class=\"page-numbers\" href=\"https:\/\/whitedental-aesthetic.al\/sq\/wp-json\/wp\/v2\/pages\/5973\/page\/2\/\">2<\/a>\n<a aria-label=\"Page 3\" class=\"page-numbers\" href=\"https:\/\/whitedental-aesthetic.al\/sq\/wp-json\/wp\/v2\/pages\/5973\/page\/3\/\">3<\/a>\n<a class=\"next page-numbers\" href=\"https:\/\/whitedental-aesthetic.al\/sq\/wp-json\/wp\/v2\/pages\/5973\/page\/2\/\"><i class=\"bx bx-right-arrow-alt\"><\/i><\/a>  \r\n                                <\/nav>\r\n                            <\/div>\r\n                        <\/div>\r\n                    \r\n                <\/div>\r\n            <\/div>\r\n           \r\n        \t\t\t\t<\/div>\n\t\t\t\t<\/div>\n\t\t\t\t<div class=\"elementor-element elementor-element-bbf4ef3 elementor-widget elementor-widget-spacer\" data-id=\"bbf4ef3\" data-element_type=\"widget\" data-e-type=\"widget\" data-widget_type=\"spacer.default\">\n\t\t\t\t<div class=\"elementor-widget-container\">\n\t\t\t\t\t\t\t<div class=\"elementor-spacer\">\n\t\t\t<div class=\"elementor-spacer-inner\"><\/div>\n\t\t<\/div>\n\t\t\t\t\t\t<\/div>\n\t\t\t\t<\/div>\n\t\t\t\t\t<\/div>\n\t\t<\/div>\n\t\t\t\t\t<\/div>\n\t\t<\/div>\n\t\t\t\t<div class=\"elementor-section elementor-top-section elementor-element elementor-element-81a86c2 services-area pt-100 pb-100 elementor-section-full_width elementor-hidden-desktop elementor-hidden-tablet elementor-hidden-mobile elementor-section-height-default elementor-section-height-default\" data-id=\"81a86c2\" data-element_type=\"section\" data-e-type=\"section\">\n\t\t\t\t\t\t<div class=\"elementor-container elementor-column-gap-no\">\n\t\t\t\t\t<div class=\"elementor-column elementor-col-100 elementor-top-column elementor-element elementor-element-d795f74\" data-id=\"d795f74\" data-element_type=\"column\" data-e-type=\"column\">\n\t\t\t<div class=\"elementor-widget-wrap elementor-element-populated\">\n\t\t\t\t\t\t<div class=\"elementor-element elementor-element-aba388f elementor-widget elementor-widget-rola-banner\" data-id=\"aba388f\" data-element_type=\"widget\" data-e-type=\"widget\" data-widget_type=\"rola-banner.default\">\n\t\t\t\t<div class=\"elementor-widget-container\">\n\t\t\t\t\t\r\n        <div class=\"main-banner-area\" >\r\n            <div class=\"container-fluid\">\r\n                <div class=\"row\">\r\n                    <div class=\"col-lg-6 col-md-12\">\r\n                        <div class=\"main-banner-content\">\r\n                                                            <span class=\"sub-title\">\r\n                                                                            <i class=\"bx bx-hash\"><\/i>\r\n                                                                         OUR DENTAL SERVICES                                <\/span>\r\n                            \r\n                            <h1>\r\n                                  Your oral<b> health<\/b> is our priority                            <\/h1>\r\n\r\n                            <p>White Dental Clinic provides a variety of services when it comes to your dental health care.\nFrom routine daily check-ups to cosmetic surgery and from complicated surgeries to gum treatment, all can be handled in our place.<\/p>\r\n\r\n                                                    <\/div>\r\n\r\n                    <\/div>\r\n\r\n                    <div class=\"col-lg-6 col-md-12\">\r\n                        <div class=\"main-banner-image\" style=\"background-image: url(http:\/\/whitedental-aesthetic.al\/wp-content\/uploads\/2023\/12\/w2-43-1.jpg )\"><\/div>\r\n                    <\/div>\r\n                <\/div>\r\n\r\n            <\/div>\r\n\r\n                            <div class=\"main-banner-shape-1\">\r\n                    <img decoding=\"async\" src=\"https:\/\/themes.hibootstrap.com\/rola\/wp-content\/uploads\/2021\/09\/shape-1.png\" alt=\"image\">\r\n                <\/div>\r\n            \r\n                            <div class=\"main-banner-shape-2\">\r\n                    <img decoding=\"async\" src=\"https:\/\/themes.hibootstrap.com\/rola\/wp-content\/uploads\/2021\/09\/shape-2.png\" alt=\"image\">\r\n                <\/div>\r\n                    <\/div>\r\n\r\n        \t\t\t\t<\/div>\n\t\t\t\t<\/div>\n\t\t\t\t<div class=\"elementor-element elementor-element-d741c5a elementor-widget elementor-widget-spacer\" data-id=\"d741c5a\" data-element_type=\"widget\" data-e-type=\"widget\" data-widget_type=\"spacer.default\">\n\t\t\t\t<div class=\"elementor-widget-container\">\n\t\t\t\t\t\t\t<div class=\"elementor-spacer\">\n\t\t\t<div class=\"elementor-spacer-inner\"><\/div>\n\t\t<\/div>\n\t\t\t\t\t\t<\/div>\n\t\t\t\t<\/div>\n\t\t\t\t\t<\/div>\n\t\t<\/div>\n\t\t\t\t\t<\/div>\n\t\t<\/div>\n\t\t\t\t<\/div>\n\t\t","protected":false},"excerpt":{"rendered":"<p>SH\u00cbRBIMET TONA DENTARE Sh\u00ebndeti juaj \u00ebsht\u00eb prioriteti yn\u00eb. Klinika White Dental ofron nj\u00eb gam\u00eb t\u00eb gjer\u00eb sh\u00ebrbimesh p\u00ebr kujdesin e sh\u00ebndetit tuaj dentar. Nga kontrolli rutinor i p\u00ebrditsh\u00ebm deri te operacionet kozmetike dhe nga operacionet e komplikuara deri te trajtimi i fytit, t\u00eb gjitha mund t\u00eb trajtohen n\u00eb vendin ton\u00eb. Merrni kujdes t\u00eb specializuar p\u00ebrmes <\/p>\n","protected":false},"author":1,"featured_media":0,"parent":0,"menu_order":0,"comment_status":"closed","ping_status":"closed","template":"elementor_header_footer","meta":{"footnotes":""},"class_list":["post-5973","page","type-page","status-publish","hentry"],"acf":[],"aioseo_notices":[],"_links":{"self":[{"href":"https:\/\/whitedental-aesthetic.al\/sq\/wp-json\/wp\/v2\/pages\/5973","targetHints":{"allow":["GET"]}}],"collection":[{"href":"https:\/\/whitedental-aesthetic.al\/sq\/wp-json\/wp\/v2\/pages"}],"about":[{"href":"https:\/\/whitedental-aesthetic.al\/sq\/wp-json\/wp\/v2\/types\/page"}],"author":[{"embeddable":true,"href":"https:\/\/whitedental-aesthetic.al\/sq\/wp-json\/wp\/v2\/users\/1"}],"replies":[{"embeddable":true,"href":"https:\/\/whitedental-aesthetic.al\/sq\/wp-json\/wp\/v2\/comments?post=5973"}],"version-history":[{"count":4,"href":"https:\/\/whitedental-aesthetic.al\/sq\/wp-json\/wp\/v2\/pages\/5973\/revisions"}],"predecessor-version":[{"id":5977,"href":"https:\/\/whitedental-aesthetic.al\/sq\/wp-json\/wp\/v2\/pages\/5973\/revisions\/5977"}],"wp:attachment":[{"href":"https:\/\/whitedental-aesthetic.al\/sq\/wp-json\/wp\/v2\/media?parent=5973"}],"curies":[{"name":"wp","href":"https:\/\/api.w.org\/{rel}","templated":true}]}}