{"id":5964,"date":"2023-12-05T16:21:12","date_gmt":"2023-12-05T16:21:12","guid":{"rendered":"https:\/\/whitedental-aesthetic.al\/?page_id=5964"},"modified":"2024-07-18T09:32:52","modified_gmt":"2024-07-18T09:32:52","slug":"sherbime-kozmetike","status":"publish","type":"page","link":"https:\/\/whitedental-aesthetic.al\/sq\/sherbime-kozmetike\/","title":{"rendered":"Sh\u00ebrbime Kozmetike"},"content":{"rendered":"\t\t<div data-elementor-type=\"wp-page\" data-elementor-id=\"5964\" class=\"elementor elementor-5964 elementor-2834\" data-elementor-post-type=\"page\">\n\t\t\t\t\t\t<div class=\"elementor-section elementor-top-section elementor-element elementor-element-5bda4d1 elementor-section-full_width elementor-section-height-min-height elementor-section-height-default elementor-section-items-middle\" data-id=\"5bda4d1\" data-element_type=\"section\" data-e-type=\"section\">\n\t\t\t\t\t\t<div class=\"elementor-container elementor-column-gap-no\">\n\t\t\t\t\t<div class=\"elementor-column elementor-col-100 elementor-top-column elementor-element elementor-element-c3d95a5\" data-id=\"c3d95a5\" data-element_type=\"column\" data-e-type=\"column\">\n\t\t\t<div class=\"elementor-widget-wrap elementor-element-populated\">\n\t\t\t\t\t\t<div class=\"elementor-element elementor-element-a95e4c6 elementor-widget elementor-widget-rolabannerseven\" data-id=\"a95e4c6\" data-element_type=\"widget\" data-e-type=\"widget\" data-widget_type=\"rolabannerseven.default\">\n\t\t\t\t<div class=\"elementor-widget-container\">\n\t\t\t\t\t\r\n        <div class=\"eye-care-banner-area\">\r\n            <div class=\"container-fluid\">\r\n                <div class=\"row align-items-center\">\r\n                    <div class=\"col-lg-5 col-md-12\">\r\n                        <div class=\"eye-care-banner-content\">\r\n                                                            <span class=\"sub-title wow fadeInDown\" data-wow-delay=\"0.5s\">\r\n                                                                            <i class=\"bx bx-hash\"><\/i>\r\n                                                                        SH\u00cbRBIMET TONA ESTETIKE                                <\/span>\r\n                                                        <h2  class=\"wow fadeInLeft\" data-wow-delay=\"0.5s\">\r\n                                <b>Komoditeti<\/b>  juaj \u00ebsht\u00eb prioriteti yn\u00eb.                            <\/h2>\r\n\r\n                            <p class=\"wow fadeInLeft\" data-wow-delay=\"0.5s\">Klinika White Dental &amp; Aesthetic ofron nj\u00eb gam\u00eb t\u00eb gjer\u00eb sh\u00ebrbimesh p\u00ebr t\u00eb p\u00ebrmir\u00ebsuar dhe p\u00ebr t\u00eb rritur nevojat tuaja estetike. Nga konsultimet rutinore deri te procedurat kozmetike t\u00eb specializuara dhe nga operacionet e sofistikuara deri te trajtimet e kujdesit t\u00eb l\u00ebkur\u00ebs, t\u00eb gjitha mund t\u00eb trajtohen me ekspertiz\u00eb n\u00eb objektet tona.<\/p>\r\n                            \r\n                            <ul class=\"banner-btn-with-info wow fadeInDown\" data-wow-delay=\"0.5s\">\r\n                                \r\n                                                                                                    \r\n                                                            <\/ul>\r\n                        <\/div>\r\n                    <\/div>\r\n\r\n                                            <div class=\"col-lg-7 col-md-12\">\r\n                            <div class=\"eye-care-banner-image\">\r\n                                <img decoding=\"async\" src=\"https:\/\/whitedental-aesthetic.al\/wp-content\/uploads\/2023\/12\/lllllllllllllllllll.jpg\" alt=\"image\">\r\n                            <\/div>\r\n                        <\/div>\r\n                                    <\/div>\r\n            <\/div>\r\n        <\/div>\r\n        \t\t\t\t<\/div>\n\t\t\t\t<\/div>\n\t\t\t\t<div class=\"elementor-element elementor-element-1f045ee elementor-hidden-desktop elementor-hidden-tablet elementor-hidden-mobile elementor-widget elementor-widget-rola_EyeCare_Feature\" data-id=\"1f045ee\" data-element_type=\"widget\" data-e-type=\"widget\" data-widget_type=\"rola_EyeCare_Feature.default\">\n\t\t\t\t<div class=\"elementor-widget-container\">\n\t\t\t\t\t        <div class=\"eye-care-features-area pt-100 pb-75\">\r\n            <div class=\"container\">\r\n                <div class=\"row justify-content-center\">\r\n                                            <div class=\"col-lg-4 col-md-4\">\r\n                            <div class=\"eye-care-features-card\">\r\n                                                                    <div class=\"features-image\">\r\n                                        <img decoding=\"async\" src=\"https:\/\/themes.hibootstrap.com\/rola\/wp-content\/uploads\/2022\/01\/features-1.png\" alt=\"image\">\r\n                                    <\/div>\r\n                                \r\n                                <div class=\"features-content\">\r\n                                    <h3> Eye Safety First <\/h3>\r\n                                    <p>Mauris blandit aliquet elit eget tincidunt nibh pulvinar lectus. Nulla quis lorem ut libero malesuada feugiat curabitur aliquet.<\/p>\r\n                                <\/div>\r\n                            <\/div>\r\n                        <\/div>\r\n                                            <div class=\"col-lg-4 col-md-4\">\r\n                            <div class=\"eye-care-features-card\">\r\n                                                                    <div class=\"features-image\">\r\n                                        <img decoding=\"async\" src=\"https:\/\/themes.hibootstrap.com\/rola\/wp-content\/uploads\/2022\/01\/features-2.png\" alt=\"image\">\r\n                                    <\/div>\r\n                                \r\n                                <div class=\"features-content\">\r\n                                    <h3> Care Your Eyes <\/h3>\r\n                                    <p>Mauris blandit aliquet elit eget tincidunt nibh pulvinar lectus. Nulla quis lorem ut libero malesuada feugiat curabitur aliquet.<\/p>\r\n                                <\/div>\r\n                            <\/div>\r\n                        <\/div>\r\n                                            <div class=\"col-lg-4 col-md-4\">\r\n                            <div class=\"eye-care-features-card\">\r\n                                                                    <div class=\"features-image\">\r\n                                        <img decoding=\"async\" src=\"https:\/\/themes.hibootstrap.com\/rola\/wp-content\/uploads\/2022\/01\/features-3.png\" alt=\"image\">\r\n                                    <\/div>\r\n                                \r\n                                <div class=\"features-content\">\r\n                                    <h3> Check Your Eyesight <\/h3>\r\n                                    <p>Mauris blandit aliquet elit eget tincidunt nibh pulvinar lectus. Nulla quis lorem ut libero malesuada feugiat curabitur aliquet.<\/p>\r\n                                <\/div>\r\n                            <\/div>\r\n                        <\/div>\r\n                                    <\/div>\r\n            <\/div>\r\n        <\/div>\r\n    \t\t\t\t<\/div>\n\t\t\t\t<\/div>\n\t\t\t\t<div class=\"elementor-element elementor-element-46fe140 elementor-widget elementor-widget-spacer\" data-id=\"46fe140\" data-element_type=\"widget\" data-e-type=\"widget\" data-widget_type=\"spacer.default\">\n\t\t\t\t<div class=\"elementor-widget-container\">\n\t\t\t\t\t\t\t<div class=\"elementor-spacer\">\n\t\t\t<div class=\"elementor-spacer-inner\"><\/div>\n\t\t<\/div>\n\t\t\t\t\t\t<\/div>\n\t\t\t\t<\/div>\n\t\t\t\t<div class=\"elementor-element elementor-element-b715400 elementor-widget elementor-widget-Rola_Section\" data-id=\"b715400\" data-element_type=\"widget\" data-e-type=\"widget\" data-widget_type=\"Rola_Section.default\">\n\t\t\t\t<div class=\"elementor-widget-container\">\n\t\t\t\t\t                    <div class=\"container\">\r\n                <div class=\"section-title\">\r\n                                        <h3>Merrni kujdes t\u00eb specializuar p\u00ebrmes precizionit, artizanatit dhe p\u00ebrvoj\u00ebs<\/h3>\r\n                    <p><\/p>\r\n                <\/div>\r\n            <\/div>\r\n        \r\n        \t\t\t\t<\/div>\n\t\t\t\t<\/div>\n\t\t\t\t<div class=\"elementor-element elementor-element-58f125e elementor-widget elementor-widget-rolaServices_Area\" data-id=\"58f125e\" data-element_type=\"widget\" data-e-type=\"widget\" data-widget_type=\"rolaServices_Area.default\">\n\t\t\t\t<div class=\"elementor-widget-container\">\n\t\t\t\t\t\r\n                    <div class=\"container\">\r\n                <div class=\"row\">\r\n                    \r\n                        <div class=\"col-lg-4 col-sm-6\">\r\n                            <div class=\"single-services\">\r\n                                                                    <div class=\"services-image\">\r\n                                        <a href=\"https:\/\/whitedental-aesthetic.al\/sq\/service-post\/lip-filler\/\">\r\n                                            <img decoding=\"async\" src=\"https:\/\/whitedental-aesthetic.al\/wp-content\/uploads\/2023\/12\/frame-1-1-550x500.jpg\" alt=\"Lip Filler\">\r\n                                        <\/a>\r\n\r\n                                                                            <\/div>\r\n                                \r\n                                <div class=\"services-content\">\r\n                                    <h3>\r\n                                        <a href=\"https:\/\/whitedental-aesthetic.al\/sq\/service-post\/lip-filler\/\">\r\n                                            Lip Filler                                        <\/a>\r\n                                    <\/h3>\r\n\r\n                                    <p><\/p>\r\n\r\n                                                                        <a href=\"https:\/\/whitedental-aesthetic.al\/sq\/service-post\/lip-filler\/\" class=\"services-btn\">Lexo m\u00eb shum\u00eb<\/a>\r\n                                    \r\n                                <\/div>\r\n                            <\/div>\r\n\r\n                        <\/div>\r\n\r\n                    \r\n                        <div class=\"col-lg-4 col-sm-6\">\r\n                            <div class=\"single-services\">\r\n                                                                    <div class=\"services-image\">\r\n                                        <a href=\"https:\/\/whitedental-aesthetic.al\/sq\/service-post\/pastrimi-i-thelle\/\">\r\n                                            <img decoding=\"async\" src=\"https:\/\/whitedental-aesthetic.al\/wp-content\/uploads\/2023\/12\/f2-62-550x500.jpg\" alt=\"Pastrimi i thell\u00eb\">\r\n                                        <\/a>\r\n\r\n                                                                            <\/div>\r\n                                \r\n                                <div class=\"services-content\">\r\n                                    <h3>\r\n                                        <a href=\"https:\/\/whitedental-aesthetic.al\/sq\/service-post\/pastrimi-i-thelle\/\">\r\n                                            Pastrimi i thell\u00eb                                        <\/a>\r\n                                    <\/h3>\r\n\r\n                                    <p><\/p>\r\n\r\n                                                                        <a href=\"https:\/\/whitedental-aesthetic.al\/sq\/service-post\/pastrimi-i-thelle\/\" class=\"services-btn\">Lexo m\u00eb shum\u00eb<\/a>\r\n                                    \r\n                                <\/div>\r\n                            <\/div>\r\n\r\n                        <\/div>\r\n\r\n                    \r\n                        <div class=\"col-lg-4 col-sm-6\">\r\n                            <div class=\"single-services\">\r\n                                                                    <div class=\"services-image\">\r\n                                        <a href=\"https:\/\/whitedental-aesthetic.al\/sq\/service-post\/dermabrasion\/\">\r\n                                            <img decoding=\"async\" src=\"https:\/\/whitedental-aesthetic.al\/wp-content\/uploads\/2023\/12\/w1-8-550x500.jpg\" alt=\"Dermabrasion\">\r\n                                        <\/a>\r\n\r\n                                                                            <\/div>\r\n                                \r\n                                <div class=\"services-content\">\r\n                                    <h3>\r\n                                        <a href=\"https:\/\/whitedental-aesthetic.al\/sq\/service-post\/dermabrasion\/\">\r\n                                            Dermabrasion                                        <\/a>\r\n                                    <\/h3>\r\n\r\n                                    <p><\/p>\r\n\r\n                                                                        <a href=\"https:\/\/whitedental-aesthetic.al\/sq\/service-post\/dermabrasion\/\" class=\"services-btn\">Lexo m\u00eb shum\u00eb<\/a>\r\n                                    \r\n                                <\/div>\r\n                            <\/div>\r\n\r\n                        <\/div>\r\n\r\n                    \r\n                        <div class=\"col-lg-4 col-sm-6\">\r\n                            <div class=\"single-services\">\r\n                                                                    <div class=\"services-image\">\r\n                                        <a href=\"https:\/\/whitedental-aesthetic.al\/sq\/service-post\/hydrafacial\/\">\r\n                                            <img decoding=\"async\" src=\"https:\/\/whitedental-aesthetic.al\/wp-content\/uploads\/2023\/12\/w1-30.jpg11111111111-550x500.jpg\" alt=\"HydraFacial\">\r\n                                        <\/a>\r\n\r\n                                                                            <\/div>\r\n                                \r\n                                <div class=\"services-content\">\r\n                                    <h3>\r\n                                        <a href=\"https:\/\/whitedental-aesthetic.al\/sq\/service-post\/hydrafacial\/\">\r\n                                            HydraFacial                                        <\/a>\r\n                                    <\/h3>\r\n\r\n                                    <p><\/p>\r\n\r\n                                                                        <a href=\"https:\/\/whitedental-aesthetic.al\/sq\/service-post\/hydrafacial\/\" class=\"services-btn\">Lexo m\u00eb shum\u00eb<\/a>\r\n                                    \r\n                                <\/div>\r\n                            <\/div>\r\n\r\n                        <\/div>\r\n\r\n                    \r\n                        <div class=\"col-lg-4 col-sm-6\">\r\n                            <div class=\"single-services\">\r\n                                                                    <div class=\"services-image\">\r\n                                        <a href=\"https:\/\/whitedental-aesthetic.al\/sq\/service-post\/dermal-fillers\/\">\r\n                                            <img decoding=\"async\" src=\"https:\/\/whitedental-aesthetic.al\/wp-content\/uploads\/2023\/12\/w2-21-1-550x500.jpg\" alt=\"Dermal Fillers\">\r\n                                        <\/a>\r\n\r\n                                                                            <\/div>\r\n                                \r\n                                <div class=\"services-content\">\r\n                                    <h3>\r\n                                        <a href=\"https:\/\/whitedental-aesthetic.al\/sq\/service-post\/dermal-fillers\/\">\r\n                                            Dermal Fillers                                        <\/a>\r\n                                    <\/h3>\r\n\r\n                                    <p><\/p>\r\n\r\n                                                                        <a href=\"https:\/\/whitedental-aesthetic.al\/sq\/service-post\/dermal-fillers\/\" class=\"services-btn\">Lexo m\u00eb shum\u00eb<\/a>\r\n                                    \r\n                                <\/div>\r\n                            <\/div>\r\n\r\n                        <\/div>\r\n\r\n                    \r\n                        <div class=\"col-lg-4 col-sm-6\">\r\n                            <div class=\"single-services\">\r\n                                                                    <div class=\"services-image\">\r\n                                        <a href=\"https:\/\/whitedental-aesthetic.al\/sq\/service-post\/maska-me-xhel\/\">\r\n                                            <img decoding=\"async\" src=\"https:\/\/whitedental-aesthetic.al\/wp-content\/uploads\/2023\/12\/33333333333333333333333333333-550x500.jpg\" alt=\"Maska me xhel\">\r\n                                        <\/a>\r\n\r\n                                                                            <\/div>\r\n                                \r\n                                <div class=\"services-content\">\r\n                                    <h3>\r\n                                        <a href=\"https:\/\/whitedental-aesthetic.al\/sq\/service-post\/maska-me-xhel\/\">\r\n                                            Maska me xhel                                        <\/a>\r\n                                    <\/h3>\r\n\r\n                                    <p><\/p>\r\n\r\n                                                                        <a href=\"https:\/\/whitedental-aesthetic.al\/sq\/service-post\/maska-me-xhel\/\" class=\"services-btn\">Lexo m\u00eb shum\u00eb<\/a>\r\n                                    \r\n                                <\/div>\r\n                            <\/div>\r\n\r\n                        <\/div>\r\n\r\n                    \r\n                                            <div class=\"col-lg-12 col-md-12\">\r\n                            <div class=\"pagination-area\">\r\n                                <nav aria-label=\"navigation\" class=\"nav-links\">\r\n                                <span aria-label=\"Page 1\" aria-current=\"page\" class=\"page-numbers current\">1<\/span>\n<a aria-label=\"Page 2\" class=\"page-numbers\" href=\"https:\/\/whitedental-aesthetic.al\/sq\/wp-json\/wp\/v2\/pages\/5964\/page\/2\/\">2<\/a>\n<a aria-label=\"Page 3\" class=\"page-numbers\" href=\"https:\/\/whitedental-aesthetic.al\/sq\/wp-json\/wp\/v2\/pages\/5964\/page\/3\/\">3<\/a>\n<a aria-label=\"Page 4\" class=\"page-numbers\" href=\"https:\/\/whitedental-aesthetic.al\/sq\/wp-json\/wp\/v2\/pages\/5964\/page\/4\/\">4<\/a>\n<a class=\"next page-numbers\" href=\"https:\/\/whitedental-aesthetic.al\/sq\/wp-json\/wp\/v2\/pages\/5964\/page\/2\/\"><i class=\"bx bx-right-arrow-alt\"><\/i><\/a>  \r\n                                <\/nav>\r\n                            <\/div>\r\n                        <\/div>\r\n                    \r\n                <\/div>\r\n            <\/div>\r\n           \r\n        \t\t\t\t<\/div>\n\t\t\t\t<\/div>\n\t\t\t\t<div class=\"elementor-element elementor-element-194291e elementor-widget elementor-widget-spacer\" data-id=\"194291e\" data-element_type=\"widget\" data-e-type=\"widget\" data-widget_type=\"spacer.default\">\n\t\t\t\t<div class=\"elementor-widget-container\">\n\t\t\t\t\t\t\t<div class=\"elementor-spacer\">\n\t\t\t<div class=\"elementor-spacer-inner\"><\/div>\n\t\t<\/div>\n\t\t\t\t\t\t<\/div>\n\t\t\t\t<\/div>\n\t\t\t\t\t<\/div>\n\t\t<\/div>\n\t\t\t\t\t<\/div>\n\t\t<\/div>\n\t\t\t\t<\/div>\n\t\t","protected":false},"excerpt":{"rendered":"<p>SH\u00cbRBIMET TONA ESTETIKE Komoditeti juaj \u00ebsht\u00eb prioriteti yn\u00eb. Klinika White Dental &amp; Aesthetic ofron nj\u00eb gam\u00eb t\u00eb gjer\u00eb sh\u00ebrbimesh p\u00ebr t\u00eb p\u00ebrmir\u00ebsuar dhe p\u00ebr t\u00eb rritur nevojat tuaja estetike. Nga konsultimet rutinore deri te procedurat kozmetike t\u00eb specializuara dhe nga operacionet e sofistikuara deri te trajtimet e kujdesit t\u00eb l\u00ebkur\u00ebs, t\u00eb gjitha mund t\u00eb trajtohen <\/p>\n","protected":false},"author":1,"featured_media":0,"parent":0,"menu_order":0,"comment_status":"closed","ping_status":"closed","template":"elementor_header_footer","meta":{"footnotes":""},"class_list":["post-5964","page","type-page","status-publish","hentry"],"acf":[],"aioseo_notices":[],"_links":{"self":[{"href":"https:\/\/whitedental-aesthetic.al\/sq\/wp-json\/wp\/v2\/pages\/5964","targetHints":{"allow":["GET"]}}],"collection":[{"href":"https:\/\/whitedental-aesthetic.al\/sq\/wp-json\/wp\/v2\/pages"}],"about":[{"href":"https:\/\/whitedental-aesthetic.al\/sq\/wp-json\/wp\/v2\/types\/page"}],"author":[{"embeddable":true,"href":"https:\/\/whitedental-aesthetic.al\/sq\/wp-json\/wp\/v2\/users\/1"}],"replies":[{"embeddable":true,"href":"https:\/\/whitedental-aesthetic.al\/sq\/wp-json\/wp\/v2\/comments?post=5964"}],"version-history":[{"count":7,"href":"https:\/\/whitedental-aesthetic.al\/sq\/wp-json\/wp\/v2\/pages\/5964\/revisions"}],"predecessor-version":[{"id":5972,"href":"https:\/\/whitedental-aesthetic.al\/sq\/wp-json\/wp\/v2\/pages\/5964\/revisions\/5972"}],"wp:attachment":[{"href":"https:\/\/whitedental-aesthetic.al\/sq\/wp-json\/wp\/v2\/media?parent=5964"}],"curies":[{"name":"wp","href":"https:\/\/api.w.org\/{rel}","templated":true}]}}