{"id":5946,"date":"2021-07-27T05:29:34","date_gmt":"2021-07-27T05:29:34","guid":{"rendered":"https:\/\/whitedental-aesthetic.al\/?page_id=5946"},"modified":"2024-07-18T09:15:59","modified_gmt":"2024-07-18T09:15:59","slug":"kontakt","status":"publish","type":"page","link":"https:\/\/whitedental-aesthetic.al\/sq\/kontakt\/","title":{"rendered":"Kontakt"},"content":{"rendered":"\t\t<div data-elementor-type=\"wp-page\" data-elementor-id=\"5946\" class=\"elementor elementor-5946 elementor-41\" data-elementor-post-type=\"page\">\n\t\t\t\t\t\t<div class=\"elementor-section elementor-top-section elementor-element elementor-element-8ea6737 elementor-section-full_width contact-info-area pt-100 pb-75 elementor-section-height-default elementor-section-height-default\" data-id=\"8ea6737\" data-element_type=\"section\" data-e-type=\"section\">\n\t\t\t\t\t\t<div class=\"elementor-container elementor-column-gap-no\">\n\t\t\t\t\t<div class=\"elementor-column elementor-col-100 elementor-top-column elementor-element elementor-element-4b9ef8b\" data-id=\"4b9ef8b\" data-element_type=\"column\" data-e-type=\"column\">\n\t\t\t<div class=\"elementor-widget-wrap elementor-element-populated\">\n\t\t\t\t\t\t<div class=\"elementor-element elementor-element-5fb2608 elementor-widget elementor-widget-Rola_Section\" data-id=\"5fb2608\" data-element_type=\"widget\" data-e-type=\"widget\" data-widget_type=\"Rola_Section.default\">\n\t\t\t\t<div class=\"elementor-widget-container\">\n\t\t\t\t\t                    <div class=\"container\">\r\n                <div class=\"section-title\">\r\n                                            <span class=\"sub-title\">\r\n                                                            <i class=\"bx bx-hash\"><\/i>\r\n                                                        INFORMACIONET TONA t\u00cb KONTAKTIT                        <\/span>\r\n                                        <h2><\/h2>\r\n                    <p><\/p>\r\n                <\/div>\r\n            <\/div>\r\n        \r\n        \t\t\t\t<\/div>\n\t\t\t\t<\/div>\n\t\t\t\t<div class=\"elementor-element elementor-element-bc2552f elementor-widget elementor-widget-rolacontactInfo\" data-id=\"bc2552f\" data-element_type=\"widget\" data-e-type=\"widget\" data-widget_type=\"rolacontactInfo.default\">\n\t\t\t\t<div class=\"elementor-widget-container\">\n\t\t\t\t\t\r\n        <div class=\"container\">\r\n            <div class=\"row justify-content-center\">\r\n                                    <div class=\"col-lg-6 col-md-6\">\r\n                        <div class=\"single-contact-info-card\">\r\n                                                            <div class=\"icon\">\r\n                                    <i class='bx bx-map'><\/i>\r\n                                <\/div>\r\n                            \r\n                            <h3>Lokacioni yn\u00eb:<\/h3>\r\n\r\n                             <p>Sheshi Willson , Perballe Postes nr.8 , Tirane<\/p>                        <\/div>\r\n                    <\/div>\r\n                                    <div class=\"col-lg-6 col-md-6\">\r\n                        <div class=\"single-contact-info-card\">\r\n                                                            <div class=\"icon\">\r\n                                    <i class='bx bx-envelope'><\/i>\r\n                                <\/div>\r\n                            \r\n                            <h3>Adresa e e-mailit:<\/h3>\r\n\r\n                            <p><a href=\"mailto:info@whitedental-aesthetic.al\">info@whitedental-aesthetic.al<br><\/a><\/p>                        <\/div>\r\n                    <\/div>\r\n                                    <div class=\"col-lg-6 col-md-6\">\r\n                        <div class=\"single-contact-info-card\">\r\n                                                            <div class=\"icon\">\r\n                                    <i class='bx bx-phone-call'><\/i>\r\n                                <\/div>\r\n                            \r\n                            <h3>Numri i telefonit:<\/h3>\r\n\r\n                              <p><a href=\"tel:355686006004\">+355686006004<br><br><\/a><\/p>\n                                                    <\/div>\r\n                    <\/div>\r\n                                    <div class=\"col-lg-6 col-md-6\">\r\n                        <div class=\"single-contact-info-card\">\r\n                                                            <div class=\"icon\">\r\n                                    <i class='bx bx-time-five'><\/i>\r\n                                <\/div>\r\n                            \r\n                            <h3>Orari i hapjes:<\/h3>\r\n\r\n                             <p>09:00 AM to 18:00 PM<\/p>\n                            <p>Nga e H\u00ebna n\u00eb t\u00eb Premte<\/p>                        <\/div>\r\n                    <\/div>\r\n                            <\/div>\r\n        <\/div>\r\n\r\n    \t\t\t\t<\/div>\n\t\t\t\t<\/div>\n\t\t\t\t\t<\/div>\n\t\t<\/div>\n\t\t\t\t\t<\/div>\n\t\t<\/div>\n\t\t\t\t<div class=\"elementor-section elementor-top-section elementor-element elementor-element-ff896d1 contact-area pb-100 elementor-section-boxed elementor-section-height-default elementor-section-height-default\" data-id=\"ff896d1\" data-element_type=\"section\" data-e-type=\"section\">\n\t\t\t\t\t\t<div class=\"elementor-container elementor-column-gap-no\">\n\t\t\t\t\t<div class=\"elementor-column elementor-col-100 elementor-top-column elementor-element elementor-element-0d49c8a\" data-id=\"0d49c8a\" data-element_type=\"column\" data-e-type=\"column\">\n\t\t\t<div class=\"elementor-widget-wrap elementor-element-populated\">\n\t\t\t\t\t\t<div class=\"elementor-element elementor-element-d6b0fa7 elementor-widget elementor-widget-Rola_Section\" data-id=\"d6b0fa7\" data-element_type=\"widget\" data-e-type=\"widget\" data-widget_type=\"Rola_Section.default\">\n\t\t\t\t<div class=\"elementor-widget-container\">\n\t\t\t\t\t                    <div class=\"container\">\r\n                <div class=\"section-title\">\r\n                                            <span class=\"sub-title\">\r\n                                                        REZERVONI NJ\u00cb TAKIM                        <\/span>\r\n                                        <h2>Plot\u00ebsoni <b>informacionin tuaj dhe do t\u00eb jemi n\u00eb kontakt sa m\u00eb shpejt t\u00eb jet\u00eb e mundur<\/b>.<\/h2>\r\n                    <p><\/p>\r\n                <\/div>\r\n            <\/div>\r\n        \r\n        \t\t\t\t<\/div>\n\t\t\t\t<\/div>\n\t\t\t\t<div class=\"elementor-element elementor-element-82809ae elementor-widget elementor-widget-rolacontact-widget\" data-id=\"82809ae\" data-element_type=\"widget\" data-e-type=\"widget\" data-widget_type=\"rolacontact-widget.default\">\n\t\t\t\t<div class=\"elementor-widget-container\">\n\t\t\t\t\t        <div class=\"container\">\r\n           \r\n                            <div class=\"contact-form\">\r\n                    \n<div class=\"wpcf7 no-js\" id=\"wpcf7-f615-o1\" lang=\"en-US\" dir=\"ltr\" data-wpcf7-id=\"615\">\n<div class=\"screen-reader-response\"><p role=\"status\" aria-live=\"polite\" aria-atomic=\"true\"><\/p> <ul><\/ul><\/div>\n<form action=\"\/sq\/wp-json\/wp\/v2\/pages\/5946#wpcf7-f615-o1\" method=\"post\" class=\"wpcf7-form init\" aria-label=\"Contact form\" novalidate=\"novalidate\" data-status=\"init\">\n<fieldset class=\"hidden-fields-container\"><input type=\"hidden\" name=\"_wpcf7\" value=\"615\" \/><input type=\"hidden\" name=\"_wpcf7_version\" value=\"6.1.5\" \/><input type=\"hidden\" name=\"_wpcf7_locale\" value=\"en_US\" \/><input type=\"hidden\" name=\"_wpcf7_unit_tag\" value=\"wpcf7-f615-o1\" \/><input type=\"hidden\" name=\"_wpcf7_container_post\" value=\"0\" \/><input type=\"hidden\" name=\"_wpcf7_posted_data_hash\" value=\"\" \/><input type=\"hidden\" name=\"_wpcf7_recaptcha_response\" value=\"\" \/>\n<\/fieldset>\n<div class=\"row\">\n    <div class=\"col-lg-6 col-md-6\">\n        <div class=\"form-group\">\n            <span class=\"wpcf7-form-control-wrap\" data-name=\"your-name\"><input size=\"40\" maxlength=\"400\" class=\"wpcf7-form-control wpcf7-text wpcf7-validates-as-required form-control\" aria-required=\"true\" aria-invalid=\"false\" placeholder=\"Name*\" value=\"\" type=\"text\" name=\"your-name\" \/><\/span>\n        <\/div>\n    <\/div>\n\n    <div class=\"col-lg-6 col-md-6\">\n        <div class=\"form-group\">\n            <span class=\"wpcf7-form-control-wrap\" data-name=\"your-email\"><input size=\"40\" maxlength=\"400\" class=\"wpcf7-form-control wpcf7-email wpcf7-validates-as-required wpcf7-text wpcf7-validates-as-email form-control\" aria-required=\"true\" aria-invalid=\"false\" placeholder=\"Email*\" value=\"\" type=\"email\" name=\"your-email\" \/><\/span>\n        <\/div>\n    <\/div>\n\n    <div class=\"col-lg-6 col-md-6\">\n        <div class=\"form-group\">\n            <span class=\"wpcf7-form-control-wrap\" data-name=\"your-number\"><input size=\"40\" maxlength=\"400\" class=\"wpcf7-form-control wpcf7-text wpcf7-validates-as-required form-control\" aria-required=\"true\" aria-invalid=\"false\" placeholder=\"Phone*\" value=\"\" type=\"text\" name=\"your-number\" \/><\/span>\n        <\/div>\n    <\/div>\n\n    <div class=\"col-lg-6 col-md-6\">\n        <div class=\"form-group\">\n            <span class=\"wpcf7-form-control-wrap\" data-name=\"your-subject\"><input size=\"40\" maxlength=\"400\" class=\"wpcf7-form-control wpcf7-text wpcf7-validates-as-required form-control\" aria-required=\"true\" aria-invalid=\"false\" placeholder=\"Subject*\" value=\"\" type=\"text\" name=\"your-subject\" \/><\/span>\n        <\/div>\n    <\/div>\n\n    <div class=\"col-lg-12 col-md-12\">\n        <div class=\"form-group\">\n            <span class=\"wpcf7-form-control-wrap\" data-name=\"your-message\"><textarea cols=\"40\" rows=\"5\" maxlength=\"2000\" class=\"wpcf7-form-control wpcf7-textarea form-control\" aria-invalid=\"false\" placeholder=\"Your Message\" name=\"your-message\"><\/textarea><\/span>\n\n            <span class=\"wpcf7-form-control-wrap\" data-name=\"gdpr\"><span class=\"wpcf7-form-control wpcf7-acceptance\"><span class=\"wpcf7-list-item\"><label><input type=\"checkbox\" name=\"gdpr\" value=\"1\" class=\"gdpr-term\" aria-invalid=\"false\" \/><span class=\"wpcf7-list-item-label\">Accept <a href=\"https:\/\/whitedental-aesthetic.al\/terms-of-services\/\">Terms Of Service<\/a> and <a href=\"https:\/\/whitedental-aesthetic.al\/privacy-policy-2\/\">Privacy Policy<\/a>.<\/span><\/label><\/span><\/span><\/span>\n        <\/div>\n    <\/div>\n\n    <div class=\"col-lg-12 col-md-12\">\n        <button type=\"submit\" class=\"default-btn\">Send Message<\/button>\n    <\/div>\n<\/div><div class=\"wpcf7-response-output\" aria-hidden=\"true\"><\/div>\n<\/form>\n<\/div>\n                <\/div>\r\n                    <\/div>\r\n\r\n    \t\t\t\t<\/div>\n\t\t\t\t<\/div>\n\t\t\t\t\t<\/div>\n\t\t<\/div>\n\t\t\t\t\t<\/div>\n\t\t<\/div>\n\t\t\t\t<\/div>\n\t\t","protected":false},"excerpt":{"rendered":"<p>INFORMACIONET TONA t\u00cb KONTAKTIT Lokacioni yn\u00eb: Sheshi Willson , Perballe Postes nr.8 , Tirane Adresa e e-mailit: info@whitedental-aesthetic.al Numri i telefonit: +355686006004 Orari i hapjes: 09:00 AM to 18:00 PM Nga e H\u00ebna n\u00eb t\u00eb Premte REZERVONI NJ\u00cb TAKIM Plot\u00ebsoni informacionin tuaj dhe do t\u00eb jemi n\u00eb kontakt sa m\u00eb shpejt t\u00eb jet\u00eb e mundur. <\/p>\n","protected":false},"author":1,"featured_media":4318,"parent":0,"menu_order":0,"comment_status":"closed","ping_status":"closed","template":"","meta":{"footnotes":""},"class_list":["post-5946","page","type-page","status-publish","has-post-thumbnail","hentry"],"acf":[],"aioseo_notices":[],"_links":{"self":[{"href":"https:\/\/whitedental-aesthetic.al\/sq\/wp-json\/wp\/v2\/pages\/5946","targetHints":{"allow":["GET"]}}],"collection":[{"href":"https:\/\/whitedental-aesthetic.al\/sq\/wp-json\/wp\/v2\/pages"}],"about":[{"href":"https:\/\/whitedental-aesthetic.al\/sq\/wp-json\/wp\/v2\/types\/page"}],"author":[{"embeddable":true,"href":"https:\/\/whitedental-aesthetic.al\/sq\/wp-json\/wp\/v2\/users\/1"}],"replies":[{"embeddable":true,"href":"https:\/\/whitedental-aesthetic.al\/sq\/wp-json\/wp\/v2\/comments?post=5946"}],"version-history":[{"count":13,"href":"https:\/\/whitedental-aesthetic.al\/sq\/wp-json\/wp\/v2\/pages\/5946\/revisions"}],"predecessor-version":[{"id":5963,"href":"https:\/\/whitedental-aesthetic.al\/sq\/wp-json\/wp\/v2\/pages\/5946\/revisions\/5963"}],"wp:featuredmedia":[{"embeddable":true,"href":"https:\/\/whitedental-aesthetic.al\/sq\/wp-json\/wp\/v2\/media\/4318"}],"wp:attachment":[{"href":"https:\/\/whitedental-aesthetic.al\/sq\/wp-json\/wp\/v2\/media?parent=5946"}],"curies":[{"name":"wp","href":"https:\/\/api.w.org\/{rel}","templated":true}]}}