{"id":5936,"date":"2021-07-29T07:04:30","date_gmt":"2021-07-29T07:04:30","guid":{"rendered":"https:\/\/whitedental-aesthetic.al\/?page_id=5936"},"modified":"2024-07-18T09:06:38","modified_gmt":"2024-07-18T09:06:38","slug":"para-pas","status":"publish","type":"page","link":"https:\/\/whitedental-aesthetic.al\/sq\/para-pas\/","title":{"rendered":"Para &amp; Pas"},"content":{"rendered":"\t\t<div data-elementor-type=\"wp-page\" data-elementor-id=\"5936\" class=\"elementor elementor-5936 elementor-251\" data-elementor-post-type=\"page\">\n\t\t\t\t\t\t<div class=\"elementor-section elementor-top-section elementor-element elementor-element-1bd6e91 elementor-section-full_width doctor-area pt-100 pb-75 elementor-section-height-default elementor-section-height-default\" data-id=\"1bd6e91\" data-element_type=\"section\" data-e-type=\"section\">\n\t\t\t\t\t\t<div class=\"elementor-container elementor-column-gap-no\">\n\t\t\t\t\t<div class=\"elementor-column elementor-col-100 elementor-top-column elementor-element elementor-element-9209e8e\" data-id=\"9209e8e\" data-element_type=\"column\" data-e-type=\"column\">\n\t\t\t<div class=\"elementor-widget-wrap elementor-element-populated\">\n\t\t\t\t\t\t<div class=\"elementor-element elementor-element-3ed6995 elementor-widget elementor-widget-rola-banner\" data-id=\"3ed6995\" data-element_type=\"widget\" data-e-type=\"widget\" data-widget_type=\"rola-banner.default\">\n\t\t\t\t<div class=\"elementor-widget-container\">\n\t\t\t\t\t\r\n        <div class=\"main-banner-area\" >\r\n            <div class=\"container-fluid\">\r\n                <div class=\"row\">\r\n                    <div class=\"col-lg-6 col-md-12\">\r\n                        <div class=\"main-banner-content\">\r\n                                                            <span class=\"sub-title\">\r\n                                                                            <i class=\"bx bx-hash\"><\/i>\r\n                                                                        PARA &amp; PAS                                <\/span>\r\n                            \r\n                            <h4>\r\n                                Transformoni  <b>buz\u00ebqeshjen <\/b> tuaj me <b>White Dental &amp; Aesthetic!<\/b>                             <\/h4>\r\n\r\n                            <p>Transformoni buz\u00ebqeshjen tuaj dhe p\u00ebrmir\u00ebsoni vet\u00ebbesimin me sh\u00ebrbimet e jasht\u00ebzakonshme dentare dhe kozmetike t\u00eb White Dental &amp; Aesthetic. Para dhe pas trajtimeve tona tregojn\u00eb rezultate t\u00eb shk\u00eblqyera q\u00eb arritim, qoft\u00eb p\u00ebrmes zbardhjes s\u00eb dh\u00ebmb\u00ebve, stomatologjis\u00eb kozmetike, ose procedurave t\u00eb tjera t\u00eb avancuara. Shihni transformimet e mahnitshme q\u00eb kan\u00eb sjell\u00eb buz\u00ebqeshje t\u00eb ndritshme tek klient\u00ebt tan\u00eb t\u00eb k\u00ebnaqur. Zbuloni fuqin\u00eb e ekipit ton\u00eb t\u00eb ekspert\u00ebve dhe trajtimit t\u00eb fundit n\u00eb White Dental &amp; Aesthetic \u2013 vendi ku fillon udh\u00ebtimi juaj drejt nj\u00eb buz\u00ebqeshjeje m\u00eb t\u00eb ndritshme dhe m\u00eb t\u00eb bukur.<\/p>\r\n\r\n                                                    <\/div>\r\n\r\n                    <\/div>\r\n\r\n                    <div class=\"col-lg-6 col-md-12\">\r\n                        <div class=\"main-banner-image\" style=\"background-image: url(http:\/\/whitedental-aesthetic.al\/wp-content\/uploads\/2021\/07\/f1-2023-07-07T182850.779.jpg )\"><\/div>\r\n                    <\/div>\r\n                <\/div>\r\n\r\n            <\/div>\r\n\r\n                            <div class=\"main-banner-shape-1\">\r\n                    <img decoding=\"async\" src=\"https:\/\/themes.hibootstrap.com\/rola\/wp-content\/uploads\/2021\/09\/shape-1.png\" alt=\"image\">\r\n                <\/div>\r\n            \r\n                            <div class=\"main-banner-shape-2\">\r\n                    <img decoding=\"async\" src=\"https:\/\/themes.hibootstrap.com\/rola\/wp-content\/uploads\/2021\/09\/shape-2.png\" alt=\"image\">\r\n                <\/div>\r\n                    <\/div>\r\n\r\n        \t\t\t\t<\/div>\n\t\t\t\t<\/div>\n\t\t\t\t<div class=\"elementor-element elementor-element-cd81b55 elementor-widget elementor-widget-spacer\" data-id=\"cd81b55\" data-element_type=\"widget\" data-e-type=\"widget\" data-widget_type=\"spacer.default\">\n\t\t\t\t<div class=\"elementor-widget-container\">\n\t\t\t\t\t\t\t<div class=\"elementor-spacer\">\n\t\t\t<div class=\"elementor-spacer-inner\"><\/div>\n\t\t<\/div>\n\t\t\t\t\t\t<\/div>\n\t\t\t\t<\/div>\n\t\t\t\t<div class=\"elementor-element elementor-element-8672966 elementor-widget-mobile__width-initial elementor-widget elementor-widget-Rola_Section\" data-id=\"8672966\" data-element_type=\"widget\" data-e-type=\"widget\" data-widget_type=\"Rola_Section.default\">\n\t\t\t\t<div class=\"elementor-widget-container\">\n\t\t\t\t\t                    <div class=\"container\">\r\n                <div class=\"section-title\">\r\n                                        <h2>Para &amp; Pas Trajtimit<\/h2>\r\n                    <p><\/p>\r\n                <\/div>\r\n            <\/div>\r\n        \r\n        \t\t\t\t<\/div>\n\t\t\t\t<\/div>\n\t\t\t\t<div class=\"elementor-element elementor-element-e3896eb gallery-spacing-custom elementor-widget__width-initial elementor-widget elementor-widget-image-gallery\" data-id=\"e3896eb\" data-element_type=\"widget\" data-e-type=\"widget\" data-widget_type=\"image-gallery.default\">\n\t\t\t\t<div class=\"elementor-widget-container\">\n\t\t\t\t\t\t\t<div class=\"elementor-image-gallery\">\n\t\t\t<div id='gallery-1' class='gallery galleryid-5936 gallery-columns-2 gallery-size-woocommerce_single'><figure class='gallery-item'>\n\t\t\t<div class='gallery-icon landscape'>\n\t\t\t\t<img fetchpriority=\"high\" decoding=\"async\" width=\"600\" height=\"600\" src=\"https:\/\/whitedental-aesthetic.al\/wp-content\/uploads\/2023\/12\/111-1-600x600.jpg\" class=\"attachment-woocommerce_single size-woocommerce_single\" alt=\"\" srcset=\"https:\/\/whitedental-aesthetic.al\/wp-content\/uploads\/2023\/12\/111-1-600x600.jpg 600w, https:\/\/whitedental-aesthetic.al\/wp-content\/uploads\/2023\/12\/111-1-300x300.jpg 300w, https:\/\/whitedental-aesthetic.al\/wp-content\/uploads\/2023\/12\/111-1-1024x1024.jpg 1024w, https:\/\/whitedental-aesthetic.al\/wp-content\/uploads\/2023\/12\/111-1-150x150.jpg 150w, https:\/\/whitedental-aesthetic.al\/wp-content\/uploads\/2023\/12\/111-1-768x768.jpg 768w, https:\/\/whitedental-aesthetic.al\/wp-content\/uploads\/2023\/12\/111-1-650x650.jpg 650w, https:\/\/whitedental-aesthetic.al\/wp-content\/uploads\/2023\/12\/111-1-100x100.jpg 100w, https:\/\/whitedental-aesthetic.al\/wp-content\/uploads\/2023\/12\/111-1.jpg 1080w\" sizes=\"(max-width: 600px) 100vw, 600px\" \/>\n\t\t\t<\/div><\/figure><figure class='gallery-item'>\n\t\t\t<div class='gallery-icon landscape'>\n\t\t\t\t<img decoding=\"async\" width=\"600\" height=\"600\" src=\"https:\/\/whitedental-aesthetic.al\/wp-content\/uploads\/2023\/12\/pd-600x600.jpg\" class=\"attachment-woocommerce_single size-woocommerce_single\" alt=\"\" srcset=\"https:\/\/whitedental-aesthetic.al\/wp-content\/uploads\/2023\/12\/pd-600x600.jpg 600w, https:\/\/whitedental-aesthetic.al\/wp-content\/uploads\/2023\/12\/pd-300x300.jpg 300w, https:\/\/whitedental-aesthetic.al\/wp-content\/uploads\/2023\/12\/pd-1024x1024.jpg 1024w, https:\/\/whitedental-aesthetic.al\/wp-content\/uploads\/2023\/12\/pd-150x150.jpg 150w, https:\/\/whitedental-aesthetic.al\/wp-content\/uploads\/2023\/12\/pd-768x768.jpg 768w, https:\/\/whitedental-aesthetic.al\/wp-content\/uploads\/2023\/12\/pd-650x650.jpg 650w, https:\/\/whitedental-aesthetic.al\/wp-content\/uploads\/2023\/12\/pd-100x100.jpg 100w, https:\/\/whitedental-aesthetic.al\/wp-content\/uploads\/2023\/12\/pd.jpg 1080w\" sizes=\"(max-width: 600px) 100vw, 600px\" \/>\n\t\t\t<\/div><\/figure><figure class='gallery-item'>\n\t\t\t<div class='gallery-icon landscape'>\n\t\t\t\t<img decoding=\"async\" width=\"600\" height=\"588\" src=\"https:\/\/whitedental-aesthetic.al\/wp-content\/uploads\/2023\/12\/image00029-600x588.jpeg\" class=\"attachment-woocommerce_single size-woocommerce_single\" alt=\"\" srcset=\"https:\/\/whitedental-aesthetic.al\/wp-content\/uploads\/2023\/12\/image00029-600x588.jpeg 600w, https:\/\/whitedental-aesthetic.al\/wp-content\/uploads\/2023\/12\/image00029-300x294.jpeg 300w, https:\/\/whitedental-aesthetic.al\/wp-content\/uploads\/2023\/12\/image00029-1024x1003.jpeg 1024w, https:\/\/whitedental-aesthetic.al\/wp-content\/uploads\/2023\/12\/image00029-768x752.jpeg 768w, https:\/\/whitedental-aesthetic.al\/wp-content\/uploads\/2023\/12\/image00029.jpeg 1179w\" sizes=\"(max-width: 600px) 100vw, 600px\" \/>\n\t\t\t<\/div><\/figure><figure class='gallery-item'>\n\t\t\t<div class='gallery-icon landscape'>\n\t\t\t\t<img loading=\"lazy\" decoding=\"async\" width=\"600\" height=\"600\" src=\"https:\/\/whitedental-aesthetic.al\/wp-content\/uploads\/2023\/12\/pd-63-600x600.jpg\" class=\"attachment-woocommerce_single size-woocommerce_single\" alt=\"\" srcset=\"https:\/\/whitedental-aesthetic.al\/wp-content\/uploads\/2023\/12\/pd-63-600x600.jpg 600w, https:\/\/whitedental-aesthetic.al\/wp-content\/uploads\/2023\/12\/pd-63-300x300.jpg 300w, https:\/\/whitedental-aesthetic.al\/wp-content\/uploads\/2023\/12\/pd-63-1024x1024.jpg 1024w, https:\/\/whitedental-aesthetic.al\/wp-content\/uploads\/2023\/12\/pd-63-150x150.jpg 150w, https:\/\/whitedental-aesthetic.al\/wp-content\/uploads\/2023\/12\/pd-63-768x768.jpg 768w, https:\/\/whitedental-aesthetic.al\/wp-content\/uploads\/2023\/12\/pd-63-650x650.jpg 650w, https:\/\/whitedental-aesthetic.al\/wp-content\/uploads\/2023\/12\/pd-63-100x100.jpg 100w, https:\/\/whitedental-aesthetic.al\/wp-content\/uploads\/2023\/12\/pd-63.jpg 1080w\" sizes=\"(max-width: 600px) 100vw, 600px\" \/>\n\t\t\t<\/div><\/figure><figure class='gallery-item'>\n\t\t\t<div class='gallery-icon landscape'>\n\t\t\t\t<img loading=\"lazy\" decoding=\"async\" width=\"600\" height=\"600\" src=\"https:\/\/whitedental-aesthetic.al\/wp-content\/uploads\/2023\/12\/pd-1-1-600x600.jpg\" class=\"attachment-woocommerce_single size-woocommerce_single\" alt=\"\" srcset=\"https:\/\/whitedental-aesthetic.al\/wp-content\/uploads\/2023\/12\/pd-1-1-600x600.jpg 600w, https:\/\/whitedental-aesthetic.al\/wp-content\/uploads\/2023\/12\/pd-1-1-300x300.jpg 300w, https:\/\/whitedental-aesthetic.al\/wp-content\/uploads\/2023\/12\/pd-1-1-1024x1024.jpg 1024w, https:\/\/whitedental-aesthetic.al\/wp-content\/uploads\/2023\/12\/pd-1-1-150x150.jpg 150w, https:\/\/whitedental-aesthetic.al\/wp-content\/uploads\/2023\/12\/pd-1-1-768x768.jpg 768w, https:\/\/whitedental-aesthetic.al\/wp-content\/uploads\/2023\/12\/pd-1-1-650x650.jpg 650w, https:\/\/whitedental-aesthetic.al\/wp-content\/uploads\/2023\/12\/pd-1-1-100x100.jpg 100w, https:\/\/whitedental-aesthetic.al\/wp-content\/uploads\/2023\/12\/pd-1-1.jpg 1080w\" sizes=\"(max-width: 600px) 100vw, 600px\" \/>\n\t\t\t<\/div><\/figure><figure class='gallery-item'>\n\t\t\t<div class='gallery-icon landscape'>\n\t\t\t\t<img loading=\"lazy\" decoding=\"async\" width=\"600\" height=\"600\" src=\"https:\/\/whitedental-aesthetic.al\/wp-content\/uploads\/2023\/12\/w3s-2-600x600.jpg\" class=\"attachment-woocommerce_single size-woocommerce_single\" alt=\"\" srcset=\"https:\/\/whitedental-aesthetic.al\/wp-content\/uploads\/2023\/12\/w3s-2-600x600.jpg 600w, https:\/\/whitedental-aesthetic.al\/wp-content\/uploads\/2023\/12\/w3s-2-300x300.jpg 300w, https:\/\/whitedental-aesthetic.al\/wp-content\/uploads\/2023\/12\/w3s-2-1024x1024.jpg 1024w, https:\/\/whitedental-aesthetic.al\/wp-content\/uploads\/2023\/12\/w3s-2-150x150.jpg 150w, https:\/\/whitedental-aesthetic.al\/wp-content\/uploads\/2023\/12\/w3s-2-768x768.jpg 768w, https:\/\/whitedental-aesthetic.al\/wp-content\/uploads\/2023\/12\/w3s-2-650x650.jpg 650w, https:\/\/whitedental-aesthetic.al\/wp-content\/uploads\/2023\/12\/w3s-2-100x100.jpg 100w, https:\/\/whitedental-aesthetic.al\/wp-content\/uploads\/2023\/12\/w3s-2.jpg 1080w\" sizes=\"(max-width: 600px) 100vw, 600px\" \/>\n\t\t\t<\/div><\/figure><figure class='gallery-item'>\n\t\t\t<div class='gallery-icon landscape'>\n\t\t\t\t<img loading=\"lazy\" decoding=\"async\" width=\"600\" height=\"589\" src=\"https:\/\/whitedental-aesthetic.al\/wp-content\/uploads\/2023\/12\/post-1-1-600x589.jpg\" class=\"attachment-woocommerce_single size-woocommerce_single\" alt=\"\" srcset=\"https:\/\/whitedental-aesthetic.al\/wp-content\/uploads\/2023\/12\/post-1-1-600x589.jpg 600w, https:\/\/whitedental-aesthetic.al\/wp-content\/uploads\/2023\/12\/post-1-1-300x294.jpg 300w, https:\/\/whitedental-aesthetic.al\/wp-content\/uploads\/2023\/12\/post-1-1-1024x1005.jpg 1024w, https:\/\/whitedental-aesthetic.al\/wp-content\/uploads\/2023\/12\/post-1-1-768x754.jpg 768w, https:\/\/whitedental-aesthetic.al\/wp-content\/uploads\/2023\/12\/post-1-1.jpg 1080w\" sizes=\"(max-width: 600px) 100vw, 600px\" \/>\n\t\t\t<\/div><\/figure><figure class='gallery-item'>\n\t\t\t<div class='gallery-icon landscape'>\n\t\t\t\t<img loading=\"lazy\" decoding=\"async\" width=\"600\" height=\"600\" src=\"https:\/\/whitedental-aesthetic.al\/wp-content\/uploads\/2023\/12\/w2-24-600x600.jpg\" class=\"attachment-woocommerce_single size-woocommerce_single\" alt=\"\" srcset=\"https:\/\/whitedental-aesthetic.al\/wp-content\/uploads\/2023\/12\/w2-24-600x600.jpg 600w, https:\/\/whitedental-aesthetic.al\/wp-content\/uploads\/2023\/12\/w2-24-300x300.jpg 300w, https:\/\/whitedental-aesthetic.al\/wp-content\/uploads\/2023\/12\/w2-24-1024x1024.jpg 1024w, https:\/\/whitedental-aesthetic.al\/wp-content\/uploads\/2023\/12\/w2-24-150x150.jpg 150w, https:\/\/whitedental-aesthetic.al\/wp-content\/uploads\/2023\/12\/w2-24-768x768.jpg 768w, https:\/\/whitedental-aesthetic.al\/wp-content\/uploads\/2023\/12\/w2-24-650x650.jpg 650w, https:\/\/whitedental-aesthetic.al\/wp-content\/uploads\/2023\/12\/w2-24-100x100.jpg 100w, https:\/\/whitedental-aesthetic.al\/wp-content\/uploads\/2023\/12\/w2-24.jpg 1080w\" sizes=\"(max-width: 600px) 100vw, 600px\" \/>\n\t\t\t<\/div><\/figure><figure class='gallery-item'>\n\t\t\t<div class='gallery-icon landscape'>\n\t\t\t\t<img loading=\"lazy\" decoding=\"async\" width=\"600\" height=\"600\" src=\"https:\/\/whitedental-aesthetic.al\/wp-content\/uploads\/2023\/12\/pd-1-600x600.jpg\" class=\"attachment-woocommerce_single size-woocommerce_single\" alt=\"\" srcset=\"https:\/\/whitedental-aesthetic.al\/wp-content\/uploads\/2023\/12\/pd-1-600x600.jpg 600w, https:\/\/whitedental-aesthetic.al\/wp-content\/uploads\/2023\/12\/pd-1-300x300.jpg 300w, https:\/\/whitedental-aesthetic.al\/wp-content\/uploads\/2023\/12\/pd-1-1024x1024.jpg 1024w, https:\/\/whitedental-aesthetic.al\/wp-content\/uploads\/2023\/12\/pd-1-150x150.jpg 150w, https:\/\/whitedental-aesthetic.al\/wp-content\/uploads\/2023\/12\/pd-1-768x768.jpg 768w, https:\/\/whitedental-aesthetic.al\/wp-content\/uploads\/2023\/12\/pd-1-650x650.jpg 650w, https:\/\/whitedental-aesthetic.al\/wp-content\/uploads\/2023\/12\/pd-1-100x100.jpg 100w, https:\/\/whitedental-aesthetic.al\/wp-content\/uploads\/2023\/12\/pd-1.jpg 1080w\" sizes=\"(max-width: 600px) 100vw, 600px\" \/>\n\t\t\t<\/div><\/figure><figure class='gallery-item'>\n\t\t\t<div class='gallery-icon landscape'>\n\t\t\t\t<img loading=\"lazy\" decoding=\"async\" width=\"600\" height=\"600\" src=\"https:\/\/whitedental-aesthetic.al\/wp-content\/uploads\/2023\/12\/pd-2-600x600.jpg\" class=\"attachment-woocommerce_single size-woocommerce_single\" alt=\"\" srcset=\"https:\/\/whitedental-aesthetic.al\/wp-content\/uploads\/2023\/12\/pd-2-600x600.jpg 600w, https:\/\/whitedental-aesthetic.al\/wp-content\/uploads\/2023\/12\/pd-2-300x300.jpg 300w, https:\/\/whitedental-aesthetic.al\/wp-content\/uploads\/2023\/12\/pd-2-1024x1024.jpg 1024w, https:\/\/whitedental-aesthetic.al\/wp-content\/uploads\/2023\/12\/pd-2-150x150.jpg 150w, https:\/\/whitedental-aesthetic.al\/wp-content\/uploads\/2023\/12\/pd-2-768x768.jpg 768w, https:\/\/whitedental-aesthetic.al\/wp-content\/uploads\/2023\/12\/pd-2-650x650.jpg 650w, https:\/\/whitedental-aesthetic.al\/wp-content\/uploads\/2023\/12\/pd-2-100x100.jpg 100w, https:\/\/whitedental-aesthetic.al\/wp-content\/uploads\/2023\/12\/pd-2.jpg 1080w\" sizes=\"(max-width: 600px) 100vw, 600px\" \/>\n\t\t\t<\/div><\/figure><figure class='gallery-item'>\n\t\t\t<div class='gallery-icon landscape'>\n\t\t\t\t<img loading=\"lazy\" decoding=\"async\" width=\"600\" height=\"600\" src=\"https:\/\/whitedental-aesthetic.al\/wp-content\/uploads\/2021\/07\/pd-20-600x600.jpg\" class=\"attachment-woocommerce_single size-woocommerce_single\" alt=\"\" srcset=\"https:\/\/whitedental-aesthetic.al\/wp-content\/uploads\/2021\/07\/pd-20-600x600.jpg 600w, https:\/\/whitedental-aesthetic.al\/wp-content\/uploads\/2021\/07\/pd-20-300x300.jpg 300w, https:\/\/whitedental-aesthetic.al\/wp-content\/uploads\/2021\/07\/pd-20-1024x1024.jpg 1024w, https:\/\/whitedental-aesthetic.al\/wp-content\/uploads\/2021\/07\/pd-20-150x150.jpg 150w, https:\/\/whitedental-aesthetic.al\/wp-content\/uploads\/2021\/07\/pd-20-768x768.jpg 768w, https:\/\/whitedental-aesthetic.al\/wp-content\/uploads\/2021\/07\/pd-20-650x650.jpg 650w, https:\/\/whitedental-aesthetic.al\/wp-content\/uploads\/2021\/07\/pd-20-100x100.jpg 100w, https:\/\/whitedental-aesthetic.al\/wp-content\/uploads\/2021\/07\/pd-20.jpg 1080w\" sizes=\"(max-width: 600px) 100vw, 600px\" \/>\n\t\t\t<\/div><\/figure><figure class='gallery-item'>\n\t\t\t<div class='gallery-icon landscape'>\n\t\t\t\t<img loading=\"lazy\" decoding=\"async\" width=\"600\" height=\"600\" src=\"https:\/\/whitedental-aesthetic.al\/wp-content\/uploads\/2023\/12\/pd-2023-09-01T192142.249-600x600.jpg\" class=\"attachment-woocommerce_single size-woocommerce_single\" alt=\"\" srcset=\"https:\/\/whitedental-aesthetic.al\/wp-content\/uploads\/2023\/12\/pd-2023-09-01T192142.249-600x600.jpg 600w, https:\/\/whitedental-aesthetic.al\/wp-content\/uploads\/2023\/12\/pd-2023-09-01T192142.249-300x300.jpg 300w, https:\/\/whitedental-aesthetic.al\/wp-content\/uploads\/2023\/12\/pd-2023-09-01T192142.249-1024x1024.jpg 1024w, https:\/\/whitedental-aesthetic.al\/wp-content\/uploads\/2023\/12\/pd-2023-09-01T192142.249-150x150.jpg 150w, https:\/\/whitedental-aesthetic.al\/wp-content\/uploads\/2023\/12\/pd-2023-09-01T192142.249-768x768.jpg 768w, https:\/\/whitedental-aesthetic.al\/wp-content\/uploads\/2023\/12\/pd-2023-09-01T192142.249-650x650.jpg 650w, https:\/\/whitedental-aesthetic.al\/wp-content\/uploads\/2023\/12\/pd-2023-09-01T192142.249-100x100.jpg 100w, https:\/\/whitedental-aesthetic.al\/wp-content\/uploads\/2023\/12\/pd-2023-09-01T192142.249.jpg 1080w\" sizes=\"(max-width: 600px) 100vw, 600px\" \/>\n\t\t\t<\/div><\/figure><figure class='gallery-item'>\n\t\t\t<div class='gallery-icon landscape'>\n\t\t\t\t<img loading=\"lazy\" decoding=\"async\" width=\"600\" height=\"600\" src=\"https:\/\/whitedental-aesthetic.al\/wp-content\/uploads\/2023\/12\/w2s-19-600x600.jpg\" class=\"attachment-woocommerce_single size-woocommerce_single\" alt=\"\" srcset=\"https:\/\/whitedental-aesthetic.al\/wp-content\/uploads\/2023\/12\/w2s-19-600x600.jpg 600w, https:\/\/whitedental-aesthetic.al\/wp-content\/uploads\/2023\/12\/w2s-19-300x300.jpg 300w, https:\/\/whitedental-aesthetic.al\/wp-content\/uploads\/2023\/12\/w2s-19-1024x1024.jpg 1024w, https:\/\/whitedental-aesthetic.al\/wp-content\/uploads\/2023\/12\/w2s-19-150x150.jpg 150w, https:\/\/whitedental-aesthetic.al\/wp-content\/uploads\/2023\/12\/w2s-19-768x768.jpg 768w, https:\/\/whitedental-aesthetic.al\/wp-content\/uploads\/2023\/12\/w2s-19-650x650.jpg 650w, https:\/\/whitedental-aesthetic.al\/wp-content\/uploads\/2023\/12\/w2s-19-100x100.jpg 100w, https:\/\/whitedental-aesthetic.al\/wp-content\/uploads\/2023\/12\/w2s-19.jpg 1080w\" sizes=\"(max-width: 600px) 100vw, 600px\" \/>\n\t\t\t<\/div><\/figure><figure class='gallery-item'>\n\t\t\t<div class='gallery-icon landscape'>\n\t\t\t\t<img loading=\"lazy\" decoding=\"async\" width=\"600\" height=\"600\" src=\"https:\/\/whitedental-aesthetic.al\/wp-content\/uploads\/2023\/12\/w2-40-600x600.jpg\" class=\"attachment-woocommerce_single size-woocommerce_single\" alt=\"\" srcset=\"https:\/\/whitedental-aesthetic.al\/wp-content\/uploads\/2023\/12\/w2-40-600x600.jpg 600w, https:\/\/whitedental-aesthetic.al\/wp-content\/uploads\/2023\/12\/w2-40-300x300.jpg 300w, https:\/\/whitedental-aesthetic.al\/wp-content\/uploads\/2023\/12\/w2-40-1024x1024.jpg 1024w, https:\/\/whitedental-aesthetic.al\/wp-content\/uploads\/2023\/12\/w2-40-150x150.jpg 150w, https:\/\/whitedental-aesthetic.al\/wp-content\/uploads\/2023\/12\/w2-40-768x768.jpg 768w, https:\/\/whitedental-aesthetic.al\/wp-content\/uploads\/2023\/12\/w2-40-650x650.jpg 650w, https:\/\/whitedental-aesthetic.al\/wp-content\/uploads\/2023\/12\/w2-40-100x100.jpg 100w, https:\/\/whitedental-aesthetic.al\/wp-content\/uploads\/2023\/12\/w2-40.jpg 1080w\" sizes=\"(max-width: 600px) 100vw, 600px\" \/>\n\t\t\t<\/div><\/figure><figure class='gallery-item'>\n\t\t\t<div class='gallery-icon landscape'>\n\t\t\t\t<img loading=\"lazy\" decoding=\"async\" width=\"600\" height=\"600\" src=\"https:\/\/whitedental-aesthetic.al\/wp-content\/uploads\/2023\/12\/pd-43-600x600.jpg\" class=\"attachment-woocommerce_single size-woocommerce_single\" alt=\"\" srcset=\"https:\/\/whitedental-aesthetic.al\/wp-content\/uploads\/2023\/12\/pd-43-600x600.jpg 600w, https:\/\/whitedental-aesthetic.al\/wp-content\/uploads\/2023\/12\/pd-43-300x300.jpg 300w, https:\/\/whitedental-aesthetic.al\/wp-content\/uploads\/2023\/12\/pd-43-1024x1024.jpg 1024w, https:\/\/whitedental-aesthetic.al\/wp-content\/uploads\/2023\/12\/pd-43-150x150.jpg 150w, https:\/\/whitedental-aesthetic.al\/wp-content\/uploads\/2023\/12\/pd-43-768x768.jpg 768w, https:\/\/whitedental-aesthetic.al\/wp-content\/uploads\/2023\/12\/pd-43-650x650.jpg 650w, https:\/\/whitedental-aesthetic.al\/wp-content\/uploads\/2023\/12\/pd-43-100x100.jpg 100w, https:\/\/whitedental-aesthetic.al\/wp-content\/uploads\/2023\/12\/pd-43.jpg 1080w\" sizes=\"(max-width: 600px) 100vw, 600px\" \/>\n\t\t\t<\/div><\/figure><figure class='gallery-item'>\n\t\t\t<div class='gallery-icon portrait'>\n\t\t\t\t<img loading=\"lazy\" decoding=\"async\" width=\"600\" height=\"601\" src=\"https:\/\/whitedental-aesthetic.al\/wp-content\/uploads\/2023\/12\/pd-3-600x601.jpg\" class=\"attachment-woocommerce_single size-woocommerce_single\" alt=\"\" srcset=\"https:\/\/whitedental-aesthetic.al\/wp-content\/uploads\/2023\/12\/pd-3-600x601.jpg 600w, https:\/\/whitedental-aesthetic.al\/wp-content\/uploads\/2023\/12\/pd-3-300x300.jpg 300w, https:\/\/whitedental-aesthetic.al\/wp-content\/uploads\/2023\/12\/pd-3-1022x1024.jpg 1022w, https:\/\/whitedental-aesthetic.al\/wp-content\/uploads\/2023\/12\/pd-3-150x150.jpg 150w, https:\/\/whitedental-aesthetic.al\/wp-content\/uploads\/2023\/12\/pd-3-768x769.jpg 768w, https:\/\/whitedental-aesthetic.al\/wp-content\/uploads\/2023\/12\/pd-3-650x650.jpg 650w, https:\/\/whitedental-aesthetic.al\/wp-content\/uploads\/2023\/12\/pd-3-100x100.jpg 100w, https:\/\/whitedental-aesthetic.al\/wp-content\/uploads\/2023\/12\/pd-3.jpg 1078w\" sizes=\"(max-width: 600px) 100vw, 600px\" \/>\n\t\t\t<\/div><\/figure><figure class='gallery-item'>\n\t\t\t<div class='gallery-icon landscape'>\n\t\t\t\t<img loading=\"lazy\" decoding=\"async\" width=\"600\" height=\"600\" src=\"https:\/\/whitedental-aesthetic.al\/wp-content\/uploads\/2023\/12\/pd-47-600x600.jpg\" class=\"attachment-woocommerce_single size-woocommerce_single\" alt=\"\" srcset=\"https:\/\/whitedental-aesthetic.al\/wp-content\/uploads\/2023\/12\/pd-47-600x600.jpg 600w, https:\/\/whitedental-aesthetic.al\/wp-content\/uploads\/2023\/12\/pd-47-300x300.jpg 300w, https:\/\/whitedental-aesthetic.al\/wp-content\/uploads\/2023\/12\/pd-47-1024x1024.jpg 1024w, https:\/\/whitedental-aesthetic.al\/wp-content\/uploads\/2023\/12\/pd-47-150x150.jpg 150w, https:\/\/whitedental-aesthetic.al\/wp-content\/uploads\/2023\/12\/pd-47-768x768.jpg 768w, https:\/\/whitedental-aesthetic.al\/wp-content\/uploads\/2023\/12\/pd-47-650x650.jpg 650w, https:\/\/whitedental-aesthetic.al\/wp-content\/uploads\/2023\/12\/pd-47-100x100.jpg 100w, https:\/\/whitedental-aesthetic.al\/wp-content\/uploads\/2023\/12\/pd-47.jpg 1080w\" sizes=\"(max-width: 600px) 100vw, 600px\" \/>\n\t\t\t<\/div><\/figure><figure class='gallery-item'>\n\t\t\t<div class='gallery-icon portrait'>\n\t\t\t\t<img loading=\"lazy\" decoding=\"async\" width=\"600\" height=\"604\" src=\"https:\/\/whitedental-aesthetic.al\/wp-content\/uploads\/2023\/12\/w1s-2-600x604.jpg\" class=\"attachment-woocommerce_single size-woocommerce_single\" alt=\"\" srcset=\"https:\/\/whitedental-aesthetic.al\/wp-content\/uploads\/2023\/12\/w1s-2-600x604.jpg 600w, https:\/\/whitedental-aesthetic.al\/wp-content\/uploads\/2023\/12\/w1s-2-298x300.jpg 298w, https:\/\/whitedental-aesthetic.al\/wp-content\/uploads\/2023\/12\/w1s-2-150x150.jpg 150w, https:\/\/whitedental-aesthetic.al\/wp-content\/uploads\/2023\/12\/w1s-2-768x774.jpg 768w, https:\/\/whitedental-aesthetic.al\/wp-content\/uploads\/2023\/12\/w1s-2-100x100.jpg 100w, https:\/\/whitedental-aesthetic.al\/wp-content\/uploads\/2023\/12\/w1s-2.jpg 804w\" sizes=\"(max-width: 600px) 100vw, 600px\" \/>\n\t\t\t<\/div><\/figure>\n\t\t<\/div>\n\t\t<\/div>\n\t\t\t\t\t\t<\/div>\n\t\t\t\t<\/div>\n\t\t\t\t<div class=\"elementor-element elementor-element-633d1ac elementor-widget elementor-widget-spacer\" data-id=\"633d1ac\" data-element_type=\"widget\" data-e-type=\"widget\" data-widget_type=\"spacer.default\">\n\t\t\t\t<div class=\"elementor-widget-container\">\n\t\t\t\t\t\t\t<div class=\"elementor-spacer\">\n\t\t\t<div class=\"elementor-spacer-inner\"><\/div>\n\t\t<\/div>\n\t\t\t\t\t\t<\/div>\n\t\t\t\t<\/div>\n\t\t\t\t\t<\/div>\n\t\t<\/div>\n\t\t\t\t\t<\/div>\n\t\t<\/div>\n\t\t\t\t<\/div>\n\t\t","protected":false},"excerpt":{"rendered":"<p>PARA &amp; PAS Transformoni buz\u00ebqeshjen tuaj me White Dental &amp; Aesthetic! Transformoni buz\u00ebqeshjen tuaj dhe p\u00ebrmir\u00ebsoni vet\u00ebbesimin me sh\u00ebrbimet e jasht\u00ebzakonshme dentare dhe kozmetike t\u00eb White Dental &amp; Aesthetic. Para dhe pas trajtimeve tona tregojn\u00eb rezultate t\u00eb shk\u00eblqyera q\u00eb arritim, qoft\u00eb p\u00ebrmes zbardhjes s\u00eb dh\u00ebmb\u00ebve, stomatologjis\u00eb kozmetike, ose procedurave t\u00eb tjera t\u00eb avancuara. Shihni transformimet <\/p>\n","protected":false},"author":1,"featured_media":0,"parent":0,"menu_order":0,"comment_status":"closed","ping_status":"closed","template":"","meta":{"footnotes":""},"class_list":["post-5936","page","type-page","status-publish","hentry"],"acf":[],"aioseo_notices":[],"_links":{"self":[{"href":"https:\/\/whitedental-aesthetic.al\/sq\/wp-json\/wp\/v2\/pages\/5936","targetHints":{"allow":["GET"]}}],"collection":[{"href":"https:\/\/whitedental-aesthetic.al\/sq\/wp-json\/wp\/v2\/pages"}],"about":[{"href":"https:\/\/whitedental-aesthetic.al\/sq\/wp-json\/wp\/v2\/types\/page"}],"author":[{"embeddable":true,"href":"https:\/\/whitedental-aesthetic.al\/sq\/wp-json\/wp\/v2\/users\/1"}],"replies":[{"embeddable":true,"href":"https:\/\/whitedental-aesthetic.al\/sq\/wp-json\/wp\/v2\/comments?post=5936"}],"version-history":[{"count":7,"href":"https:\/\/whitedental-aesthetic.al\/sq\/wp-json\/wp\/v2\/pages\/5936\/revisions"}],"predecessor-version":[{"id":5945,"href":"https:\/\/whitedental-aesthetic.al\/sq\/wp-json\/wp\/v2\/pages\/5936\/revisions\/5945"}],"wp:attachment":[{"href":"https:\/\/whitedental-aesthetic.al\/sq\/wp-json\/wp\/v2\/media?parent=5936"}],"curies":[{"name":"wp","href":"https:\/\/api.w.org\/{rel}","templated":true}]}}