{"id":5855,"date":"2021-07-31T18:34:32","date_gmt":"2021-07-31T18:34:32","guid":{"rendered":"https:\/\/whitedental-aesthetic.al\/about-us\/"},"modified":"2024-08-09T08:51:56","modified_gmt":"2024-08-09T08:51:56","slug":"about-us","status":"publish","type":"page","link":"https:\/\/whitedental-aesthetic.al\/sq\/about-us\/","title":{"rendered":"Rreth nesh"},"content":{"rendered":"\t\t<div data-elementor-type=\"wp-page\" data-elementor-id=\"5855\" class=\"elementor elementor-5855 elementor-368\" data-elementor-post-type=\"page\">\n\t\t\t\t\t\t<div class=\"elementor-section elementor-top-section elementor-element elementor-element-cbc8106 elementor-section-full_width pt-100 elementor-section-height-default elementor-section-height-default\" data-id=\"cbc8106\" data-element_type=\"section\" data-e-type=\"section\">\n\t\t\t\t\t\t<div class=\"elementor-container elementor-column-gap-no\">\n\t\t\t\t\t<div class=\"elementor-column elementor-col-100 elementor-top-column elementor-element elementor-element-bbbbd50\" data-id=\"bbbbd50\" data-element_type=\"column\" data-e-type=\"column\">\n\t\t\t<div class=\"elementor-widget-wrap elementor-element-populated\">\n\t\t\t\t\t\t<div class=\"elementor-element elementor-element-2a0ac42 elementor-widget elementor-widget-rola-banner\" data-id=\"2a0ac42\" data-element_type=\"widget\" data-e-type=\"widget\" data-widget_type=\"rola-banner.default\">\n\t\t\t\t<div class=\"elementor-widget-container\">\n\t\t\t\t\t\r\n        <div class=\"main-banner-area\" >\r\n            <div class=\"container-fluid\">\r\n                <div class=\"row\">\r\n                    <div class=\"col-lg-6 col-md-12\">\r\n                        <div class=\"main-banner-content\">\r\n                                                            <span class=\"sub-title\">\r\n                                                                            <i class=\"bx bx-hash\"><\/i>\r\n                                                                        RRETH KLINIK\u00cbS TON\u00cb                                <\/span>\r\n                            \r\n                            <h1>\r\n                                <b>Sh\u00ebndeti<\/b>  juaj oral \u00ebsht\u00eb prioriteti yn\u00eb\n                            <\/h1>\r\n\r\n                            <p>Ne jemi m\u00eb shum\u00eb se thjesht nj\u00eb klinik\u00eb dentare \u2013 ne jemi nj\u00eb ekip i p\u00ebrkushtuar profesionist\u00ebsh t\u00eb angazhuar p\u00ebr t\u00eb ofruar kujdes oral t\u00eb jasht\u00ebzakonsh\u00ebm dhe t\u00eb personalizuar. Pajisjet tona t\u00eb avancuara dhe teknologjia moderne sigurojn\u00eb q\u00eb ju t\u00eb merrni trajtimin me standardin m\u00eb t\u00eb lart\u00eb n\u00eb nj\u00eb mjedis t\u00eb rehatsh\u00ebm dhe mikprit\u00ebs.<\/p>\r\n\r\n                                                    <\/div>\r\n\r\n                    <\/div>\r\n\r\n                    <div class=\"col-lg-6 col-md-12\">\r\n                        <div class=\"main-banner-image\" style=\"background-image: url(http:\/\/whitedental-aesthetic.al\/wp-content\/uploads\/2023\/12\/image00016.jpeg )\"><\/div>\r\n                    <\/div>\r\n                <\/div>\r\n\r\n            <\/div>\r\n\r\n                            <div class=\"main-banner-shape-1\">\r\n                    <img decoding=\"async\" src=\"https:\/\/themes.hibootstrap.com\/rola\/wp-content\/uploads\/2021\/09\/shape-1.png\" alt=\"image\">\r\n                <\/div>\r\n            \r\n                            <div class=\"main-banner-shape-2\">\r\n                    <img decoding=\"async\" src=\"https:\/\/themes.hibootstrap.com\/rola\/wp-content\/uploads\/2021\/09\/shape-2.png\" alt=\"image\">\r\n                <\/div>\r\n                    <\/div>\r\n\r\n        \t\t\t\t<\/div>\n\t\t\t\t<\/div>\n\t\t\t\t<div class=\"elementor-element elementor-element-e14f60f elementor-widget elementor-widget-Rola_Overview_Area\" data-id=\"e14f60f\" data-element_type=\"widget\" data-e-type=\"widget\" data-widget_type=\"Rola_Overview_Area.default\">\n\t\t\t\t<div class=\"elementor-widget-container\">\n\t\t\t\t\t\r\n        <div class=\"overview-area ptb-100\" style=\"background-image: url(https:\/\/themes.hibootstrap.com\/rola\/wp-content\/uploads\/2021\/10\/overview-bg.jpg )\">\r\n            <div class=\"container\">\r\n                <div class=\"row align-items-center\">\r\n                    <div class=\"col-lg-7 col-md-12\">\r\n                                                    <div class=\"overview-content\">\r\n                                <h3>Buz\u00ebqeshjet e bukura fillojn\u00eb me ne! <br><b>Rezervoni Nj\u00eb Takim<\/b><\/h3>\r\n                            <\/div>\r\n                                            <\/div>\r\n                    <div class=\"col-lg-5 col-md-12\">\r\n                                                    <ul class=\"overview-btn-list text-end\">\r\n                                                                    <li><a href=\"http:\/\/whitedental-aesthetic.al\/sq\/appointment\/\" class=\"default-btn\"> Rezervoni Takim<\/a><\/li>\r\n                                                                \r\n                                                                    <li><a href=\"https:\/\/whitedental-aesthetic.al\/sq\/kontakt\/\" class=\"optional-btn\">Merrni Konsultim Falas<\/a><\/li>\r\n                                                            <\/ul>\r\n                                            <\/div>\r\n                <\/div>\r\n            <\/div>\r\n        <\/div>\r\n\r\n        \t\t\t\t<\/div>\n\t\t\t\t<\/div>\n\t\t\t\t\t<\/div>\n\t\t<\/div>\n\t\t\t\t\t<\/div>\n\t\t<\/div>\n\t\t\t\t<div class=\"elementor-section elementor-top-section elementor-element elementor-element-f586772 elementor-section-full_width doctor-area-without-color pt-100 pb-100 elementor-section-height-min-height elementor-section-height-default elementor-section-items-middle\" data-id=\"f586772\" data-element_type=\"section\" data-e-type=\"section\">\n\t\t\t\t\t\t<div class=\"elementor-container elementor-column-gap-no\">\n\t\t\t\t\t<div class=\"elementor-column elementor-col-100 elementor-top-column elementor-element elementor-element-18a5ce2\" data-id=\"18a5ce2\" data-element_type=\"column\" data-e-type=\"column\">\n\t\t\t<div class=\"elementor-widget-wrap elementor-element-populated\">\n\t\t\t\t\t\t<div class=\"elementor-element elementor-element-5208b36 elementor-widget elementor-widget-RolaSkinCareDry_Area\" data-id=\"5208b36\" data-element_type=\"widget\" data-e-type=\"widget\" data-widget_type=\"RolaSkinCareDry_Area.default\">\n\t\t\t\t<div class=\"elementor-widget-container\">\n\t\t\t\t\t\r\n        <div class=\"skin-care-dry-area ptb-100\">\r\n            <div class=\"container\">\r\n                <div class=\"row align-items-center\">\r\n                    <div class=\"col-lg-7 col-md-12\">\r\n                        <div class=\"skin-care-dry-content\">\r\n                                                            <span>\r\n                                    <i class=\"bx bx-hash\"><\/i>\r\n                                    MOTOJA JON\u00cb                                <\/span>\r\n                            \r\n                                                            <h3>\"Profesionaliz\u00ebm cil\u00ebsor i dedikuar\"<\/h3>\r\n                            \r\n                            <p>N\u00eb White Dental &amp; Aesthetic, ne p\u00ebrfaq\u00ebsojm\u00eb Cil\u00ebsin\u00eb, Etik\u00ebn e Pun\u00ebs, Profesionalizmin.<br> Angazhimi yn\u00eb p\u00ebr shk\u00eblqimin siguron q\u00eb \u00e7do aspekt i p\u00ebrvoj\u00ebs suaj t\u00eb reflektoj\u00eb standardet m\u00eb t\u00eb larta. Nga cil\u00ebsia e trajtimeve tona deri te p\u00ebrkushtimi i profesionist\u00ebve tan\u00eb t\u00eb aft\u00eb, klinika jon\u00eb \u00ebsht\u00eb nj\u00eb d\u00ebshmi e etik\u00ebs s\u00eb pand\u00ebshkueshme t\u00eb pun\u00ebs dhe nj\u00eb angazhimi p\u00ebr profesionalizmin.<br> Besoni te ne p\u00ebr t\u00eb ofruar jo vet\u00ebm kujdes dentar, por nj\u00eb p\u00ebrfaq\u00ebsim t\u00eb vlerave q\u00eb na p\u00ebrcaktojn\u00eb \u2013 Cil\u00ebsia, Etika e Pun\u00ebs, Profesionalizmi.<br><br><b>Udh\u00ebtimi juaj drejt nj\u00eb buz\u00ebqeshjeje m\u00eb t\u00eb ndritshme dhe m\u00eb t\u00eb sh\u00ebndetshme fillon k\u00ebtu.<\/b><\/p>\r\n\r\n                            <div class=\"row\">\r\n                                <div class=\"col-lg-6 col-md-6\">\r\n                                    <ul class=\"list\">\r\n                                                                                    <li>\r\n                                                                                                                                            <\/li>\r\n                                                                            <\/ul>\r\n                                <\/div>\r\n                                <div class=\"col-lg-6 col-md-6\">\r\n                                    <ul class=\"list\">\r\n                                                                                    <li>\r\n                                                \r\n                                                                                            <\/li>\r\n                                                                            <\/ul>\r\n                                <\/div>\r\n                            <\/div>\r\n                            <ul class=\"dry-list\">\r\n                                                                                                    \r\n                                                            <\/ul>\r\n                        <\/div>\r\n                    <\/div>\r\n\r\n                                        <div class=\"col-lg-5 col-md-12\">\r\n                        <div class=\"skin-care-dry-image\">\r\n                            <img decoding=\"async\" src=\"https:\/\/themes.hibootstrap.com\/rola\/wp-content\/uploads\/2022\/01\/dry.png\" alt=\"image \">\r\n                        <\/div>\r\n                    <\/div>\r\n                                    <\/div>\r\n            <\/div>\r\n        <\/div>\r\n\r\n        \t\t\t\t<\/div>\n\t\t\t\t<\/div>\n\t\t\t\t<div class=\"elementor-element elementor-element-27f3c0f elementor-hidden-desktop elementor-hidden-tablet elementor-widget elementor-widget-spacer\" data-id=\"27f3c0f\" data-element_type=\"widget\" data-e-type=\"widget\" data-widget_type=\"spacer.default\">\n\t\t\t\t<div class=\"elementor-widget-container\">\n\t\t\t\t\t\t\t<div class=\"elementor-spacer\">\n\t\t\t<div class=\"elementor-spacer-inner\"><\/div>\n\t\t<\/div>\n\t\t\t\t\t\t<\/div>\n\t\t\t\t<\/div>\n\t\t\t\t\t<\/div>\n\t\t<\/div>\n\t\t\t\t\t<\/div>\n\t\t<\/div>\n\t\t\t\t<div class=\"elementor-section elementor-top-section elementor-element elementor-element-bc7c12c elementor-section-full_width elementor-section-height-min-height elementor-section-height-default elementor-section-items-middle\" data-id=\"bc7c12c\" data-element_type=\"section\" data-e-type=\"section\">\n\t\t\t\t\t\t<div class=\"elementor-container elementor-column-gap-no\">\n\t\t\t\t\t<div class=\"elementor-column elementor-col-100 elementor-top-column elementor-element elementor-element-216839a\" data-id=\"216839a\" data-element_type=\"column\" data-e-type=\"column\">\n\t\t\t<div class=\"elementor-widget-wrap elementor-element-populated\">\n\t\t\t\t\t\t<div class=\"elementor-element elementor-element-36ce1a8 elementor-widget elementor-widget-Rola_About_Area\" data-id=\"36ce1a8\" data-element_type=\"widget\" data-e-type=\"widget\" data-widget_type=\"Rola_About_Area.default\">\n\t\t\t\t<div class=\"elementor-widget-container\">\n\t\t\t\t\t\r\n                    <div class=\"about-area\">\r\n                <div class=\"container\">\r\n                    <div class=\"row\">\r\n                                                <div class=\"col-lg-6 col-md-12\">\r\n                            <div class=\"about-image\" style=\"background-image: url(http:\/\/whitedental-aesthetic.al\/wp-content\/uploads\/2023\/12\/2-47.jpg )\"><\/div>\r\n                        <\/div>\r\n                        <div class=\"col-lg-6 col-md-12\">\r\n                                                    <div class=\"about-content\">\r\n                                \r\n                                                                    <h3>Pse ne?<\/h3>\r\n                                \r\n                                <p>Q\u00eb nga momenti i par\u00eb, do t\u00eb vini re dallimin.<br><br>\nP\u00ebrve\u00e7 p\u00ebrvoj\u00ebs 5-vje\u00e7are, shum\u00ebllojshm\u00ebris\u00eb dhe cil\u00ebsis\u00eb s\u00eb sh\u00ebrbimeve t\u00eb ofruara nga klinika jon\u00eb, do t\u00eb vini re gjithashtu atmosfer\u00ebn e k\u00ebndshme q\u00eb ju ofron nj\u00eb p\u00ebrvoj\u00eb t\u00eb re dhe qet\u00ebsuese krahasuar me klinikat e tjera.<br><br>\nNe do t\u00eb sigurohemi q\u00eb konsultimi juaj t\u00eb jet\u00eb sa m\u00eb i qart\u00eb, gjith\u00e7ka e shpjeguar n\u00eb detaje nga stafi yn\u00eb miq\u00ebsor! Ky \u00ebsht\u00eb nj\u00eb nga shum\u00eb arsyet p\u00ebrse pacient\u00ebt tan\u00eb na besojn\u00eb.<\/p>\r\n\r\n                                <div class=\"row\">\r\n                                    <div class=\"col-lg-6 col-md-6\">\r\n                                        <ul class=\"about-list\">\r\n                                                                                            <li>\r\n                                                                                                            <i class=\"bx bx-check\"><\/i>\r\n                                                                                                        Sh\u00ebrbim n\u00eb nivel t\u00eb lart\u00eb                                                <\/li>\r\n                                                                                            <li>\r\n                                                                                                            <i class=\"bx bx-check\"><\/i>\r\n                                                                                                        Garanci p\u00ebr 5 vjet                                                <\/li>\r\n                                                                                    <\/ul>\r\n                                    <\/div>\r\n\r\n                                    <div class=\"col-lg-6 col-md-6\">\r\n                                        <ul class=\"about-list\">\r\n                                                                                            <li>\r\n                                                                                                            <i class=\"bx bx-check\"><\/i>\r\n                                                    \r\n                                                    Teknologji e fundit                                                <\/li>\r\n                                                                                            <li>\r\n                                                                                                            <i class=\"bx bx-check\"><\/i>\r\n                                                    \r\n                                                    Materiale t\u00eb cil\u00ebsis\u00eb                                                <\/li>\r\n                                                                                    <\/ul>\r\n                                    <\/div>\r\n                                <\/div>\r\n                            <\/div>\r\n                        <\/div>\r\n                    <\/div>\r\n                <\/div>\r\n            <\/div>\r\n        \r\n        \t\t\t\t<\/div>\n\t\t\t\t<\/div>\n\t\t\t\t<div class=\"elementor-element elementor-element-16c91aa elementor-widget elementor-widget-spacer\" data-id=\"16c91aa\" data-element_type=\"widget\" data-e-type=\"widget\" data-widget_type=\"spacer.default\">\n\t\t\t\t<div class=\"elementor-widget-container\">\n\t\t\t\t\t\t\t<div class=\"elementor-spacer\">\n\t\t\t<div class=\"elementor-spacer-inner\"><\/div>\n\t\t<\/div>\n\t\t\t\t\t\t<\/div>\n\t\t\t\t<\/div>\n\t\t\t\t\t<\/div>\n\t\t<\/div>\n\t\t\t\t\t<\/div>\n\t\t<\/div>\n\t\t\t\t<\/div>\n\t\t","protected":false},"excerpt":{"rendered":"<p>RRETH KLINIK\u00cbS TON\u00cb Sh\u00ebndeti juaj oral \u00ebsht\u00eb prioriteti yn\u00eb Ne jemi m\u00eb shum\u00eb se thjesht nj\u00eb klinik\u00eb dentare \u2013 ne jemi nj\u00eb ekip i p\u00ebrkushtuar profesionist\u00ebsh t\u00eb angazhuar p\u00ebr t\u00eb ofruar kujdes oral t\u00eb jasht\u00ebzakonsh\u00ebm dhe t\u00eb personalizuar. Pajisjet tona t\u00eb avancuara dhe teknologjia moderne sigurojn\u00eb q\u00eb ju t\u00eb merrni trajtimin me standardin m\u00eb t\u00eb <\/p>\n","protected":false},"author":1,"featured_media":4318,"parent":0,"menu_order":0,"comment_status":"closed","ping_status":"closed","template":"elementor_header_footer","meta":{"footnotes":""},"class_list":["post-5855","page","type-page","status-publish","has-post-thumbnail","hentry"],"acf":[],"aioseo_notices":[],"_links":{"self":[{"href":"https:\/\/whitedental-aesthetic.al\/sq\/wp-json\/wp\/v2\/pages\/5855","targetHints":{"allow":["GET"]}}],"collection":[{"href":"https:\/\/whitedental-aesthetic.al\/sq\/wp-json\/wp\/v2\/pages"}],"about":[{"href":"https:\/\/whitedental-aesthetic.al\/sq\/wp-json\/wp\/v2\/types\/page"}],"author":[{"embeddable":true,"href":"https:\/\/whitedental-aesthetic.al\/sq\/wp-json\/wp\/v2\/users\/1"}],"replies":[{"embeddable":true,"href":"https:\/\/whitedental-aesthetic.al\/sq\/wp-json\/wp\/v2\/comments?post=5855"}],"version-history":[{"count":23,"href":"https:\/\/whitedental-aesthetic.al\/sq\/wp-json\/wp\/v2\/pages\/5855\/revisions"}],"predecessor-version":[{"id":6125,"href":"https:\/\/whitedental-aesthetic.al\/sq\/wp-json\/wp\/v2\/pages\/5855\/revisions\/6125"}],"wp:featuredmedia":[{"embeddable":true,"href":"https:\/\/whitedental-aesthetic.al\/sq\/wp-json\/wp\/v2\/media\/4318"}],"wp:attachment":[{"href":"https:\/\/whitedental-aesthetic.al\/sq\/wp-json\/wp\/v2\/media?parent=5855"}],"curies":[{"name":"wp","href":"https:\/\/api.w.org\/{rel}","templated":true}]}}