{"id":6156,"date":"2023-12-05T16:24:27","date_gmt":"2023-12-05T16:24:27","guid":{"rendered":"https:\/\/whitedental-aesthetic.al\/?page_id=6156"},"modified":"2024-08-09T09:32:33","modified_gmt":"2024-08-09T09:32:33","slug":"servizi","status":"publish","type":"page","link":"https:\/\/whitedental-aesthetic.al\/it\/servizi\/","title":{"rendered":"Servizi"},"content":{"rendered":"\t\t<div data-elementor-type=\"wp-page\" data-elementor-id=\"6156\" class=\"elementor elementor-6156 elementor-2843\" data-elementor-post-type=\"page\">\n\t\t\t\t\t\t<div class=\"elementor-section elementor-top-section elementor-element elementor-element-cbc8106 elementor-section-full_width pt-100 elementor-section-height-default elementor-section-height-default\" data-id=\"cbc8106\" data-element_type=\"section\" data-e-type=\"section\">\n\t\t\t\t\t\t<div class=\"elementor-container elementor-column-gap-no\">\n\t\t\t\t\t<div class=\"elementor-column elementor-col-100 elementor-top-column elementor-element elementor-element-bbbbd50\" data-id=\"bbbbd50\" data-element_type=\"column\" data-e-type=\"column\">\n\t\t\t<div class=\"elementor-widget-wrap elementor-element-populated\">\n\t\t\t\t\t\t<div class=\"elementor-element elementor-element-2a0ac42 elementor-widget elementor-widget-rola-banner\" data-id=\"2a0ac42\" data-element_type=\"widget\" data-e-type=\"widget\" data-widget_type=\"rola-banner.default\">\n\t\t\t\t<div class=\"elementor-widget-container\">\n\t\t\t\t\t\r\n        <div class=\"main-banner-area\" >\r\n            <div class=\"container-fluid\">\r\n                <div class=\"row\">\r\n                    <div class=\"col-lg-6 col-md-12\">\r\n                        <div class=\"main-banner-content\">\r\n                                                            <span class=\"sub-title\">\r\n                                                                            <i class=\"bx bx-hash\"><\/i>\r\n                                                                        I NOSTRI SERVIZI                                <\/span>\r\n                            \r\n                            <h1>\r\n                                La tua <b>salute<\/b> \u00e8 la nostra priorit\u00e0                            <\/h1>\r\n\r\n                            <p>Entra in un regno di cure senza pari presso White Dental &amp; Aesthetic Clinic, dove la nostra gamma completa di servizi \u00e8 progettata per elevare la tua salute orale e il tuo fascino estetico.<br><br> Dalle visite di controllo e la cura preventiva all'odontoiatria estetica avanzata e allo sbiancamento dei denti, il nostro team di professionisti qualificati \u00e8 dedicato a offrire trattamenti personalizzati e di alta qualit\u00e0. <br> Che tu stia cercando un restyling del sorriso radioso o richieda servizi dentali generali, White Dental &amp; Aesthetic Clinic \u00e8 la tua destinazione per cure di qualit\u00e0, miglioramenti estetici e un sorriso sicuro e sano.<\/p>\r\n\r\n                                                    <\/div>\r\n\r\n                    <\/div>\r\n\r\n                    <div class=\"col-lg-6 col-md-12\">\r\n                        <div class=\"main-banner-image\" style=\"background-image: url(http:\/\/whitedental-aesthetic.al\/wp-content\/uploads\/2021\/07\/w2-13.jpg )\"><\/div>\r\n                    <\/div>\r\n                <\/div>\r\n\r\n            <\/div>\r\n\r\n                            <div class=\"main-banner-shape-1\">\r\n                    <img decoding=\"async\" src=\"https:\/\/themes.hibootstrap.com\/rola\/wp-content\/uploads\/2021\/09\/shape-1.png\" alt=\"image\">\r\n                <\/div>\r\n            \r\n                            <div class=\"main-banner-shape-2\">\r\n                    <img decoding=\"async\" src=\"https:\/\/themes.hibootstrap.com\/rola\/wp-content\/uploads\/2021\/09\/shape-2.png\" alt=\"image\">\r\n                <\/div>\r\n                    <\/div>\r\n\r\n        \t\t\t\t<\/div>\n\t\t\t\t<\/div>\n\t\t\t\t<div class=\"elementor-element elementor-element-bede285 elementor-widget elementor-widget-spacer\" data-id=\"bede285\" data-element_type=\"widget\" data-e-type=\"widget\" data-widget_type=\"spacer.default\">\n\t\t\t\t<div class=\"elementor-widget-container\">\n\t\t\t\t\t\t\t<div class=\"elementor-spacer\">\n\t\t\t<div class=\"elementor-spacer-inner\"><\/div>\n\t\t<\/div>\n\t\t\t\t\t\t<\/div>\n\t\t\t\t<\/div>\n\t\t\t\t\t<\/div>\n\t\t<\/div>\n\t\t\t\t\t<\/div>\n\t\t<\/div>\n\t\t\t\t<section class=\"elementor-section elementor-top-section elementor-element elementor-element-bc7c12c elementor-section-full_width elementor-section-height-min-height elementor-section-items-top elementor-section-height-default\" data-id=\"bc7c12c\" data-element_type=\"section\" data-e-type=\"section\">\n\t\t\t\t\t\t<div class=\"elementor-container elementor-column-gap-no\">\n\t\t\t\t\t<div class=\"elementor-column elementor-col-100 elementor-top-column elementor-element elementor-element-216839a\" data-id=\"216839a\" data-element_type=\"column\" data-e-type=\"column\">\n\t\t\t<div class=\"elementor-widget-wrap elementor-element-populated\">\n\t\t\t\t\t\t<div class=\"elementor-element elementor-element-36ce1a8 elementor-widget elementor-widget-Rola_About_Area\" data-id=\"36ce1a8\" data-element_type=\"widget\" data-e-type=\"widget\" data-widget_type=\"Rola_About_Area.default\">\n\t\t\t\t<div class=\"elementor-widget-container\">\n\t\t\t\t\t\r\n                    <div class=\"about-area\">\r\n                <div class=\"container\">\r\n                    <div class=\"row\">\r\n                                                <div class=\"col-lg-6 col-md-12\">\r\n                            <div class=\"about-image\" style=\"background-image: url(http:\/\/whitedental-aesthetic.al\/wp-content\/uploads\/2023\/12\/f2-55.jpg )\"><\/div>\r\n                        <\/div>\r\n                        <div class=\"col-lg-6 col-md-12\">\r\n                                                    <div class=\"about-content\">\r\n                                \r\n                                \r\n                                <p>Il nostro team di dentisti esperti, igienisti e personale di supporto porta con s\u00e9 una vasta conoscenza e passione per l'odontoiatria, assicurando che ogni visita sia un'esperienza positiva e gratificante.<\/p>\r\n\r\n                                <div class=\"row\">\r\n                                    <div class=\"col-lg-6 col-md-6\">\r\n                                        <ul class=\"about-list\">\r\n                                                                                            <li>\r\n                                                                                                            <i class=\"bx bx-check\"><\/i>\r\n                                                                                                        Personale Amichevole e Qualificato                                                <\/li>\r\n                                                                                            <li>\r\n                                                                                                            <i class=\"bx bx-check\"><\/i>\r\n                                                                                                        Comunicazione Efficace                                                <\/li>\r\n                                                                                            <li>\r\n                                                                                                            <i class=\"bx bx-check\"><\/i>\r\n                                                                                                        Servizi Centrati sul Paziente                                                <\/li>\r\n                                                                                    <\/ul>\r\n                                    <\/div>\r\n\r\n                                    <div class=\"col-lg-6 col-md-6\">\r\n                                        <ul class=\"about-list\">\r\n                                                                                            <li>\r\n                                                                                                            <i class=\"bx bx-check\"><\/i>\r\n                                                    \r\n                                                    Strutture Pulite e Moderne                                                <\/li>\r\n                                                                                            <li>\r\n                                                                                                            <i class=\"bx bx-check\"><\/i>\r\n                                                    \r\n                                                    Area d&#039;Attesa Confortevole                                                <\/li>\r\n                                                                                            <li>\r\n                                                                                                            <i class=\"bx bx-check\"><\/i>\r\n                                                    \r\n                                                    Pianificazione Efficiente degli Appuntamenti                                                <\/li>\r\n                                                                                    <\/ul>\r\n                                    <\/div>\r\n                                <\/div>\r\n                            <\/div>\r\n                        <\/div>\r\n                    <\/div>\r\n                <\/div>\r\n            <\/div>\r\n        \r\n        \t\t\t\t<\/div>\n\t\t\t\t<\/div>\n\t\t\t\t<div class=\"elementor-element elementor-element-904df8f elementor-widget elementor-widget-spacer\" data-id=\"904df8f\" data-element_type=\"widget\" data-e-type=\"widget\" data-widget_type=\"spacer.default\">\n\t\t\t\t<div class=\"elementor-widget-container\">\n\t\t\t\t\t\t\t<div class=\"elementor-spacer\">\n\t\t\t<div class=\"elementor-spacer-inner\"><\/div>\n\t\t<\/div>\n\t\t\t\t\t\t<\/div>\n\t\t\t\t<\/div>\n\t\t\t\t<div class=\"elementor-element elementor-element-e14f60f elementor-widget elementor-widget-Rola_Overview_Area\" data-id=\"e14f60f\" data-element_type=\"widget\" data-e-type=\"widget\" data-widget_type=\"Rola_Overview_Area.default\">\n\t\t\t\t<div class=\"elementor-widget-container\">\n\t\t\t\t\t\r\n        <div class=\"overview-area ptb-100\" style=\"background-image: url(https:\/\/themes.hibootstrap.com\/rola\/wp-content\/uploads\/2021\/10\/overview-bg.jpg )\">\r\n            <div class=\"container\">\r\n                <div class=\"row align-items-center\">\r\n                    <div class=\"col-lg-7 col-md-12\">\r\n                                                    <div class=\"overview-content\">\r\n                                <h3>Sorrisi splendenti iniziano con noi! <br><b>Fissa un Appuntamento<\/b><\/h3>\r\n                            <\/div>\r\n                                            <\/div>\r\n                    <div class=\"col-lg-5 col-md-12\">\r\n                                                    <ul class=\"overview-btn-list text-end\">\r\n                                                                    <li><a href=\"http:\/\/whitedental-aesthetic.al\/appointment\/\" class=\"default-btn\"> Prenota un Appuntamento<\/a><\/li>\r\n                                                                \r\n                                                                    <li><a href=\"https:\/\/whitedental-aesthetic.al\/contact-us\/\" class=\"optional-btn\">Consulenza Gratuita<\/a><\/li>\r\n                                                            <\/ul>\r\n                                            <\/div>\r\n                <\/div>\r\n            <\/div>\r\n        <\/div>\r\n\r\n        \t\t\t\t<\/div>\n\t\t\t\t<\/div>\n\t\t\t\t\t<\/div>\n\t\t<\/div>\n\t\t\t\t\t<\/div>\n\t\t<\/section>\n\t\t\t\t<div class=\"elementor-section elementor-top-section elementor-element elementor-element-f44dcc4 elementor-section-full_width core-features-area pt-100 pb-75 elementor-section-height-default elementor-section-height-default\" data-id=\"f44dcc4\" data-element_type=\"section\" data-e-type=\"section\" data-settings=\"{&quot;background_background&quot;:&quot;classic&quot;}\">\n\t\t\t\t\t\t<div class=\"elementor-container elementor-column-gap-no\">\n\t\t\t\t\t<div class=\"elementor-column elementor-col-100 elementor-top-column elementor-element elementor-element-d0307f6\" data-id=\"d0307f6\" data-element_type=\"column\" data-e-type=\"column\">\n\t\t\t<div class=\"elementor-widget-wrap elementor-element-populated\">\n\t\t\t\t\t\t<div class=\"elementor-element elementor-element-40e9a92 elementor-widget elementor-widget-Rola_EC_About_Area\" data-id=\"40e9a92\" data-element_type=\"widget\" data-e-type=\"widget\" data-widget_type=\"Rola_EC_About_Area.default\">\n\t\t\t\t<div class=\"elementor-widget-container\">\n\t\t\t\t\t        <div class=\"eye-care-about-area pb-100\">\r\n            <div class=\"container\">\r\n                <div class=\"row align-items-center\">\r\n                                        <div class=\"col-lg-6 col-md-12\">\r\n                        <div class=\"eye-care-about-image\">\r\n                            <img decoding=\"async\" src=\"http:\/\/whitedental-aesthetic.al\/wp-content\/uploads\/2023\/12\/01-5.jpg\" alt=\"image\">\r\n                        <\/div>\r\n                    <\/div>\r\n                    <div class=\"col-lg-6 col-md-12\">\r\n                                            <div class=\"eye-care-about-content\">\r\n                                                            <span class=\"sub-title\">\r\n                                    <i class=\"bx bx-hash\"><\/i>\r\n                                    QUALIT\u00c0                                <\/span>\r\n                                                                                        <h3>\n<b>Tecnologia<\/b> e <b>Materiali<\/b><\/h3>\r\n                                                        <p>Presso White Dental &amp; Aesthetic utilizziamo solo materiali di altissima qualit\u00e0 e la tecnologia pi\u00f9 recente, per ottenere risultati duraturi e di elevata qualit\u00e0.<br> Il nostro personale \u00e8 qualificato, garantendo cos\u00ec un lavoro professionale.<br> Negli ultimi anni ci sono stati avanzamenti straordinari nel campo della tecnologia dei trattamenti dentali e facciali, rendendo ancora pi\u00f9 importante rimanere al passo con i tempi.\n\n<br><br><br>\nI nostri materiali sono della massima qualit\u00e0.\n\nI materiali utilizzati sono altrettanto importanti quanto la tecnica impiegata nel trattamento stesso. Prendiamo molto seriamente il processo di selezione dei migliori materiali e utilizziamo solo il meglio che il mercato offre. <br>\nI nostri materiali dentali sono di altissima qualit\u00e0 e approvati dall'Unione Europea. I marchi che utilizziamo provengono da paesi come Stati Uniti, Germania, Giappone e Italia.\n\nQuesti sono i marchi noti che utilizziamo per raggiungere i pi\u00f9 alti standard nel nostro lavoro.<\/p>\r\n\r\n                            <ul class=\"list\">\r\n                                                                    <li><i class=''><\/i> <\/li>\r\n                                                            <\/ul>\r\n                                                    <\/div>\r\n                    <\/div>\r\n                <\/div>\r\n            <\/div>\r\n        <\/div>\r\n\r\n        \t\t\t\t<\/div>\n\t\t\t\t<\/div>\n\t\t\t\t\t<\/div>\n\t\t<\/div>\n\t\t\t\t\t<\/div>\n\t\t<\/div>\n\t\t\t\t<\/div>\n\t\t","protected":false},"excerpt":{"rendered":"<p>I NOSTRI SERVIZI La tua salute \u00e8 la nostra priorit\u00e0 Entra in un regno di cure senza pari presso White Dental &amp; Aesthetic Clinic, dove la nostra gamma completa di servizi \u00e8 progettata per elevare la tua salute orale e il tuo fascino estetico. Dalle visite di controllo e la cura preventiva all&#8217;odontoiatria estetica avanzata <\/p>\n","protected":false},"author":1,"featured_media":4319,"parent":0,"menu_order":0,"comment_status":"closed","ping_status":"closed","template":"elementor_header_footer","meta":{"footnotes":""},"class_list":["post-6156","page","type-page","status-publish","has-post-thumbnail","hentry"],"acf":[],"aioseo_notices":[],"_links":{"self":[{"href":"https:\/\/whitedental-aesthetic.al\/it\/wp-json\/wp\/v2\/pages\/6156","targetHints":{"allow":["GET"]}}],"collection":[{"href":"https:\/\/whitedental-aesthetic.al\/it\/wp-json\/wp\/v2\/pages"}],"about":[{"href":"https:\/\/whitedental-aesthetic.al\/it\/wp-json\/wp\/v2\/types\/page"}],"author":[{"embeddable":true,"href":"https:\/\/whitedental-aesthetic.al\/it\/wp-json\/wp\/v2\/users\/1"}],"replies":[{"embeddable":true,"href":"https:\/\/whitedental-aesthetic.al\/it\/wp-json\/wp\/v2\/comments?post=6156"}],"version-history":[{"count":10,"href":"https:\/\/whitedental-aesthetic.al\/it\/wp-json\/wp\/v2\/pages\/6156\/revisions"}],"predecessor-version":[{"id":6167,"href":"https:\/\/whitedental-aesthetic.al\/it\/wp-json\/wp\/v2\/pages\/6156\/revisions\/6167"}],"wp:featuredmedia":[{"embeddable":true,"href":"https:\/\/whitedental-aesthetic.al\/it\/wp-json\/wp\/v2\/media\/4319"}],"wp:attachment":[{"href":"https:\/\/whitedental-aesthetic.al\/it\/wp-json\/wp\/v2\/media?parent=6156"}],"curies":[{"name":"wp","href":"https:\/\/api.w.org\/{rel}","templated":true}]}}