{"id":6151,"date":"2021-07-28T06:00:04","date_gmt":"2021-07-28T06:00:04","guid":{"rendered":"https:\/\/whitedental-aesthetic.al\/?page_id=6151"},"modified":"2024-08-09T09:27:18","modified_gmt":"2024-08-09T09:27:18","slug":"servizi-dentali","status":"publish","type":"page","link":"https:\/\/whitedental-aesthetic.al\/it\/servizi-dentali\/","title":{"rendered":"Servizi Dentali"},"content":{"rendered":"\t\t<div data-elementor-type=\"wp-page\" data-elementor-id=\"6151\" class=\"elementor elementor-6151 elementor-64\" data-elementor-post-type=\"page\">\n\t\t\t\t\t\t<div class=\"elementor-section elementor-top-section elementor-element elementor-element-e9907a0 elementor-section-full_width elementor-section-height-min-height elementor-section-height-default elementor-section-items-middle\" data-id=\"e9907a0\" data-element_type=\"section\" data-e-type=\"section\">\n\t\t\t\t\t\t<div class=\"elementor-container elementor-column-gap-no\">\n\t\t\t\t\t<div class=\"elementor-column elementor-col-100 elementor-top-column elementor-element elementor-element-797e902\" data-id=\"797e902\" data-element_type=\"column\" data-e-type=\"column\">\n\t\t\t<div class=\"elementor-widget-wrap elementor-element-populated\">\n\t\t\t\t\t\t<div class=\"elementor-element elementor-element-15b5e70 elementor-widget elementor-widget-rolabannerseven\" data-id=\"15b5e70\" data-element_type=\"widget\" data-e-type=\"widget\" data-widget_type=\"rolabannerseven.default\">\n\t\t\t\t<div class=\"elementor-widget-container\">\n\t\t\t\t\t\r\n        <div class=\"eye-care-banner-area\">\r\n            <div class=\"container-fluid\">\r\n                <div class=\"row align-items-center\">\r\n                    <div class=\"col-lg-5 col-md-12\">\r\n                        <div class=\"eye-care-banner-content\">\r\n                                                            <span class=\"sub-title wow fadeInDown\" data-wow-delay=\"0.5s\">\r\n                                                                            <i class=\"bx bx-hash\"><\/i>\r\n                                                                        I NOSTRI SERVIZI DENTALI                                <\/span>\r\n                                                        <h2  class=\"wow fadeInLeft\" data-wow-delay=\"0.5s\">\r\n                                La tua <b>salute<\/b> \u00e8 la nostra priorit\u00e0                            <\/h2>\r\n\r\n                            <p class=\"wow fadeInLeft\" data-wow-delay=\"0.5s\">White Dental Clinic offre una variet\u00e0 di servizi per la tua salute dentale. Dalle visite di controllo quotidiane alla chirurgia estetica, e dalle operazioni complesse ai trattamenti per le gengive, tutto pu\u00f2 essere gestito presso di noi.<\/p>\r\n                            \r\n                            <ul class=\"banner-btn-with-info wow fadeInDown\" data-wow-delay=\"0.5s\">\r\n                                \r\n                                                                                                    \r\n                                                            <\/ul>\r\n                        <\/div>\r\n                    <\/div>\r\n\r\n                                            <div class=\"col-lg-7 col-md-12\">\r\n                            <div class=\"eye-care-banner-image\">\r\n                                <img decoding=\"async\" src=\"http:\/\/whitedental-aesthetic.al\/wp-content\/uploads\/2023\/12\/w1-40-1.jpg\" alt=\"image\">\r\n                            <\/div>\r\n                        <\/div>\r\n                                    <\/div>\r\n            <\/div>\r\n        <\/div>\r\n        \t\t\t\t<\/div>\n\t\t\t\t<\/div>\n\t\t\t\t<div class=\"elementor-element elementor-element-cdf0aa0 elementor-widget elementor-widget-spacer\" data-id=\"cdf0aa0\" data-element_type=\"widget\" data-e-type=\"widget\" data-widget_type=\"spacer.default\">\n\t\t\t\t<div class=\"elementor-widget-container\">\n\t\t\t\t\t\t\t<div class=\"elementor-spacer\">\n\t\t\t<div class=\"elementor-spacer-inner\"><\/div>\n\t\t<\/div>\n\t\t\t\t\t\t<\/div>\n\t\t\t\t<\/div>\n\t\t\t\t<div class=\"elementor-element elementor-element-4e1af83 elementor-widget elementor-widget-Rola_Section\" data-id=\"4e1af83\" data-element_type=\"widget\" data-e-type=\"widget\" data-widget_type=\"Rola_Section.default\">\n\t\t\t\t<div class=\"elementor-widget-container\">\n\t\t\t\t\t                    <div class=\"container\">\r\n                <div class=\"section-title\">\r\n                                        <h3>Goditi cure specializzate attraverso precisione, arte ed esperienza<\/h3>\r\n                    <p><\/p>\r\n                <\/div>\r\n            <\/div>\r\n        \r\n        \t\t\t\t<\/div>\n\t\t\t\t<\/div>\n\t\t\t\t<div class=\"elementor-element elementor-element-7df347c elementor-widget elementor-widget-rolaServices_Area\" data-id=\"7df347c\" data-element_type=\"widget\" data-e-type=\"widget\" data-widget_type=\"rolaServices_Area.default\">\n\t\t\t\t<div class=\"elementor-widget-container\">\n\t\t\t\t\t\r\n                    <div class=\"container\">\r\n                <div class=\"row\">\r\n                    \r\n                        <div class=\"col-lg-4 col-sm-6\">\r\n                            <div class=\"single-services\">\r\n                                                                    <div class=\"services-image\">\r\n                                        <a href=\"https:\/\/whitedental-aesthetic.al\/it\/service-post\/faccette-e-max\/\">\r\n                                            <img decoding=\"async\" src=\"https:\/\/whitedental-aesthetic.al\/wp-content\/uploads\/2023\/12\/w1-14-550x500.jpg\" alt=\"Faccette E-Max\">\r\n                                        <\/a>\r\n\r\n                                                                            <\/div>\r\n                                \r\n                                <div class=\"services-content\">\r\n                                    <h3>\r\n                                        <a href=\"https:\/\/whitedental-aesthetic.al\/it\/service-post\/faccette-e-max\/\">\r\n                                            Faccette E-Max                                        <\/a>\r\n                                    <\/h3>\r\n\r\n                                    <p><\/p>\r\n\r\n                                                                        <a href=\"https:\/\/whitedental-aesthetic.al\/it\/service-post\/faccette-e-max\/\" class=\"services-btn\">Read More<\/a>\r\n                                    \r\n                                <\/div>\r\n                            <\/div>\r\n\r\n                        <\/div>\r\n\r\n                    \r\n                        <div class=\"col-lg-4 col-sm-6\">\r\n                            <div class=\"single-services\">\r\n                                                                    <div class=\"services-image\">\r\n                                        <a href=\"https:\/\/whitedental-aesthetic.al\/it\/service-post\/faccette-in-composito\/\">\r\n                                            <img decoding=\"async\" src=\"https:\/\/whitedental-aesthetic.al\/wp-content\/uploads\/2023\/12\/f1s-2023-07-05T174837.234-550x500.jpg\" alt=\"Faccette in Composito\">\r\n                                        <\/a>\r\n\r\n                                                                            <\/div>\r\n                                \r\n                                <div class=\"services-content\">\r\n                                    <h3>\r\n                                        <a href=\"https:\/\/whitedental-aesthetic.al\/it\/service-post\/faccette-in-composito\/\">\r\n                                            Faccette in Composito                                        <\/a>\r\n                                    <\/h3>\r\n\r\n                                    <p><\/p>\r\n\r\n                                                                        <a href=\"https:\/\/whitedental-aesthetic.al\/it\/service-post\/faccette-in-composito\/\" class=\"services-btn\">Read More<\/a>\r\n                                    \r\n                                <\/div>\r\n                            <\/div>\r\n\r\n                        <\/div>\r\n\r\n                    \r\n                        <div class=\"col-lg-4 col-sm-6\">\r\n                            <div class=\"single-services\">\r\n                                                                    <div class=\"services-image\">\r\n                                        <a href=\"https:\/\/whitedental-aesthetic.al\/it\/service-post\/ricostruzione-assistita-da-viti\/\">\r\n                                            <img decoding=\"async\" src=\"https:\/\/whitedental-aesthetic.al\/wp-content\/uploads\/2023\/12\/w1-29-550x500.jpg\" alt=\"Ricostruzione Assistita da Viti\">\r\n                                        <\/a>\r\n\r\n                                                                            <\/div>\r\n                                \r\n                                <div class=\"services-content\">\r\n                                    <h3>\r\n                                        <a href=\"https:\/\/whitedental-aesthetic.al\/it\/service-post\/ricostruzione-assistita-da-viti\/\">\r\n                                            Ricostruzione Assistita da Viti                                        <\/a>\r\n                                    <\/h3>\r\n\r\n                                    <p><\/p>\r\n\r\n                                                                        <a href=\"https:\/\/whitedental-aesthetic.al\/it\/service-post\/ricostruzione-assistita-da-viti\/\" class=\"services-btn\">Read More<\/a>\r\n                                    \r\n                                <\/div>\r\n                            <\/div>\r\n\r\n                        <\/div>\r\n\r\n                    \r\n                        <div class=\"col-lg-4 col-sm-6\">\r\n                            <div class=\"single-services\">\r\n                                                                    <div class=\"services-image\">\r\n                                        <a href=\"https:\/\/whitedental-aesthetic.al\/it\/service-post\/paradenti-morbido\/\">\r\n                                            <img decoding=\"async\" src=\"https:\/\/whitedental-aesthetic.al\/wp-content\/uploads\/2023\/12\/f1-10-550x500.jpg\" alt=\"Paradenti Morbido\">\r\n                                        <\/a>\r\n\r\n                                                                            <\/div>\r\n                                \r\n                                <div class=\"services-content\">\r\n                                    <h3>\r\n                                        <a href=\"https:\/\/whitedental-aesthetic.al\/it\/service-post\/paradenti-morbido\/\">\r\n                                            Paradenti Morbido                                        <\/a>\r\n                                    <\/h3>\r\n\r\n                                    <p><\/p>\r\n\r\n                                                                        <a href=\"https:\/\/whitedental-aesthetic.al\/it\/service-post\/paradenti-morbido\/\" class=\"services-btn\">Read More<\/a>\r\n                                    \r\n                                <\/div>\r\n                            <\/div>\r\n\r\n                        <\/div>\r\n\r\n                    \r\n                        <div class=\"col-lg-4 col-sm-6\">\r\n                            <div class=\"single-services\">\r\n                                                                    <div class=\"services-image\">\r\n                                        <a href=\"https:\/\/whitedental-aesthetic.al\/it\/service-post\/trattamento-gengivale-laser\/\">\r\n                                            <img decoding=\"async\" src=\"https:\/\/whitedental-aesthetic.al\/wp-content\/uploads\/2023\/12\/Laser-gum-surgery-1296x728-slide1-550x500.webp\" alt=\"Trattamento Gengivale Laser\">\r\n                                        <\/a>\r\n\r\n                                                                            <\/div>\r\n                                \r\n                                <div class=\"services-content\">\r\n                                    <h3>\r\n                                        <a href=\"https:\/\/whitedental-aesthetic.al\/it\/service-post\/trattamento-gengivale-laser\/\">\r\n                                            Trattamento Gengivale Laser                                        <\/a>\r\n                                    <\/h3>\r\n\r\n                                    <p><\/p>\r\n\r\n                                                                        <a href=\"https:\/\/whitedental-aesthetic.al\/it\/service-post\/trattamento-gengivale-laser\/\" class=\"services-btn\">Read More<\/a>\r\n                                    \r\n                                <\/div>\r\n                            <\/div>\r\n\r\n                        <\/div>\r\n\r\n                    \r\n                        <div class=\"col-lg-4 col-sm-6\">\r\n                            <div class=\"single-services\">\r\n                                                                    <div class=\"services-image\">\r\n                                        <a href=\"https:\/\/whitedental-aesthetic.al\/it\/service-post\/innesto-osseo\/\">\r\n                                            <img decoding=\"async\" src=\"https:\/\/whitedental-aesthetic.al\/wp-content\/uploads\/2023\/12\/w1-7-550x500.jpg\" alt=\"Innesto Osseo\">\r\n                                        <\/a>\r\n\r\n                                                                            <\/div>\r\n                                \r\n                                <div class=\"services-content\">\r\n                                    <h3>\r\n                                        <a href=\"https:\/\/whitedental-aesthetic.al\/it\/service-post\/innesto-osseo\/\">\r\n                                            Innesto Osseo                                        <\/a>\r\n                                    <\/h3>\r\n\r\n                                    <p><\/p>\r\n\r\n                                                                        <a href=\"https:\/\/whitedental-aesthetic.al\/it\/service-post\/innesto-osseo\/\" class=\"services-btn\">Read More<\/a>\r\n                                    \r\n                                <\/div>\r\n                            <\/div>\r\n\r\n                        <\/div>\r\n\r\n                    \r\n                                            <div class=\"col-lg-12 col-md-12\">\r\n                            <div class=\"pagination-area\">\r\n                                <nav aria-label=\"navigation\" class=\"nav-links\">\r\n                                <span aria-label=\"Pagina 1\" aria-current=\"page\" class=\"page-numbers current\">1<\/span>\n<a aria-label=\"Pagina 2\" class=\"page-numbers\" href=\"https:\/\/whitedental-aesthetic.al\/it\/wp-json\/wp\/v2\/pages\/6151\/page\/2\/\">2<\/a>\n<a aria-label=\"Pagina 3\" class=\"page-numbers\" href=\"https:\/\/whitedental-aesthetic.al\/it\/wp-json\/wp\/v2\/pages\/6151\/page\/3\/\">3<\/a>\n<a class=\"next page-numbers\" href=\"https:\/\/whitedental-aesthetic.al\/it\/wp-json\/wp\/v2\/pages\/6151\/page\/2\/\"><i class=\"bx bx-right-arrow-alt\"><\/i><\/a>  \r\n                                <\/nav>\r\n                            <\/div>\r\n                        <\/div>\r\n                    \r\n                <\/div>\r\n            <\/div>\r\n           \r\n        \t\t\t\t<\/div>\n\t\t\t\t<\/div>\n\t\t\t\t<div class=\"elementor-element elementor-element-bbf4ef3 elementor-widget elementor-widget-spacer\" data-id=\"bbf4ef3\" data-element_type=\"widget\" data-e-type=\"widget\" data-widget_type=\"spacer.default\">\n\t\t\t\t<div class=\"elementor-widget-container\">\n\t\t\t\t\t\t\t<div class=\"elementor-spacer\">\n\t\t\t<div class=\"elementor-spacer-inner\"><\/div>\n\t\t<\/div>\n\t\t\t\t\t\t<\/div>\n\t\t\t\t<\/div>\n\t\t\t\t\t<\/div>\n\t\t<\/div>\n\t\t\t\t\t<\/div>\n\t\t<\/div>\n\t\t\t\t<div class=\"elementor-section elementor-top-section elementor-element elementor-element-81a86c2 services-area pt-100 pb-100 elementor-section-full_width elementor-hidden-desktop elementor-hidden-tablet elementor-hidden-mobile elementor-section-height-default elementor-section-height-default\" data-id=\"81a86c2\" data-element_type=\"section\" data-e-type=\"section\">\n\t\t\t\t\t\t<div class=\"elementor-container elementor-column-gap-no\">\n\t\t\t\t\t<div class=\"elementor-column elementor-col-100 elementor-top-column elementor-element elementor-element-d795f74\" data-id=\"d795f74\" data-element_type=\"column\" data-e-type=\"column\">\n\t\t\t<div class=\"elementor-widget-wrap elementor-element-populated\">\n\t\t\t\t\t\t<div class=\"elementor-element elementor-element-aba388f elementor-widget elementor-widget-rola-banner\" data-id=\"aba388f\" data-element_type=\"widget\" data-e-type=\"widget\" data-widget_type=\"rola-banner.default\">\n\t\t\t\t<div class=\"elementor-widget-container\">\n\t\t\t\t\t\r\n        <div class=\"main-banner-area\" >\r\n            <div class=\"container-fluid\">\r\n                <div class=\"row\">\r\n                    <div class=\"col-lg-6 col-md-12\">\r\n                        <div class=\"main-banner-content\">\r\n                                                            <span class=\"sub-title\">\r\n                                                                            <i class=\"bx bx-hash\"><\/i>\r\n                                                                         OUR DENTAL SERVICES                                <\/span>\r\n                            \r\n                            <h1>\r\n                                  Your oral<b> health<\/b> is our priority                            <\/h1>\r\n\r\n                            <p>White Dental Clinic provides a variety of services when it comes to your dental health care.\nFrom routine daily check-ups to cosmetic surgery and from complicated surgeries to gum treatment, all can be handled in our place.<\/p>\r\n\r\n                                                    <\/div>\r\n\r\n                    <\/div>\r\n\r\n                    <div class=\"col-lg-6 col-md-12\">\r\n                        <div class=\"main-banner-image\" style=\"background-image: url(http:\/\/whitedental-aesthetic.al\/wp-content\/uploads\/2023\/12\/w2-43-1.jpg )\"><\/div>\r\n                    <\/div>\r\n                <\/div>\r\n\r\n            <\/div>\r\n\r\n                            <div class=\"main-banner-shape-1\">\r\n                    <img decoding=\"async\" src=\"https:\/\/themes.hibootstrap.com\/rola\/wp-content\/uploads\/2021\/09\/shape-1.png\" alt=\"image\">\r\n                <\/div>\r\n            \r\n                            <div class=\"main-banner-shape-2\">\r\n                    <img decoding=\"async\" src=\"https:\/\/themes.hibootstrap.com\/rola\/wp-content\/uploads\/2021\/09\/shape-2.png\" alt=\"image\">\r\n                <\/div>\r\n                    <\/div>\r\n\r\n        \t\t\t\t<\/div>\n\t\t\t\t<\/div>\n\t\t\t\t<div class=\"elementor-element elementor-element-d741c5a elementor-widget elementor-widget-spacer\" data-id=\"d741c5a\" data-element_type=\"widget\" data-e-type=\"widget\" data-widget_type=\"spacer.default\">\n\t\t\t\t<div class=\"elementor-widget-container\">\n\t\t\t\t\t\t\t<div class=\"elementor-spacer\">\n\t\t\t<div class=\"elementor-spacer-inner\"><\/div>\n\t\t<\/div>\n\t\t\t\t\t\t<\/div>\n\t\t\t\t<\/div>\n\t\t\t\t\t<\/div>\n\t\t<\/div>\n\t\t\t\t\t<\/div>\n\t\t<\/div>\n\t\t\t\t<\/div>\n\t\t","protected":false},"excerpt":{"rendered":"<p>I NOSTRI SERVIZI DENTALI La tua salute \u00e8 la nostra priorit\u00e0 White Dental Clinic offre una variet\u00e0 di servizi per la tua salute dentale. Dalle visite di controllo quotidiane alla chirurgia estetica, e dalle operazioni complesse ai trattamenti per le gengive, tutto pu\u00f2 essere gestito presso di noi. Goditi cure specializzate attraverso precisione, arte ed <\/p>\n","protected":false},"author":1,"featured_media":0,"parent":0,"menu_order":0,"comment_status":"closed","ping_status":"closed","template":"elementor_header_footer","meta":{"footnotes":""},"class_list":["post-6151","page","type-page","status-publish","hentry"],"acf":[],"aioseo_notices":[],"_links":{"self":[{"href":"https:\/\/whitedental-aesthetic.al\/it\/wp-json\/wp\/v2\/pages\/6151","targetHints":{"allow":["GET"]}}],"collection":[{"href":"https:\/\/whitedental-aesthetic.al\/it\/wp-json\/wp\/v2\/pages"}],"about":[{"href":"https:\/\/whitedental-aesthetic.al\/it\/wp-json\/wp\/v2\/types\/page"}],"author":[{"embeddable":true,"href":"https:\/\/whitedental-aesthetic.al\/it\/wp-json\/wp\/v2\/users\/1"}],"replies":[{"embeddable":true,"href":"https:\/\/whitedental-aesthetic.al\/it\/wp-json\/wp\/v2\/comments?post=6151"}],"version-history":[{"count":4,"href":"https:\/\/whitedental-aesthetic.al\/it\/wp-json\/wp\/v2\/pages\/6151\/revisions"}],"predecessor-version":[{"id":6155,"href":"https:\/\/whitedental-aesthetic.al\/it\/wp-json\/wp\/v2\/pages\/6151\/revisions\/6155"}],"wp:attachment":[{"href":"https:\/\/whitedental-aesthetic.al\/it\/wp-json\/wp\/v2\/media?parent=6151"}],"curies":[{"name":"wp","href":"https:\/\/api.w.org\/{rel}","templated":true}]}}