{"id":6066,"date":"2021-07-31T18:34:32","date_gmt":"2021-07-31T18:34:32","guid":{"rendered":"https:\/\/whitedental-aesthetic.al\/?page_id=6066"},"modified":"2024-08-16T10:01:24","modified_gmt":"2024-08-16T10:01:24","slug":"chi-siamo","status":"publish","type":"page","link":"https:\/\/whitedental-aesthetic.al\/it\/chi-siamo\/","title":{"rendered":"Chi Siamo"},"content":{"rendered":"\t\t<div data-elementor-type=\"wp-page\" data-elementor-id=\"6066\" class=\"elementor elementor-6066 elementor-368\" data-elementor-post-type=\"page\">\n\t\t\t\t\t\t<div class=\"elementor-section elementor-top-section elementor-element elementor-element-cbc8106 elementor-section-full_width pt-100 elementor-section-height-default elementor-section-height-default\" data-id=\"cbc8106\" data-element_type=\"section\" data-e-type=\"section\">\n\t\t\t\t\t\t<div class=\"elementor-container elementor-column-gap-no\">\n\t\t\t\t\t<div class=\"elementor-column elementor-col-100 elementor-top-column elementor-element elementor-element-bbbbd50\" data-id=\"bbbbd50\" data-element_type=\"column\" data-e-type=\"column\">\n\t\t\t<div class=\"elementor-widget-wrap elementor-element-populated\">\n\t\t\t\t\t\t<div class=\"elementor-element elementor-element-2a0ac42 elementor-widget elementor-widget-rola-banner\" data-id=\"2a0ac42\" data-element_type=\"widget\" data-e-type=\"widget\" data-widget_type=\"rola-banner.default\">\n\t\t\t\t<div class=\"elementor-widget-container\">\n\t\t\t\t\t\r\n        <div class=\"main-banner-area\" >\r\n            <div class=\"container-fluid\">\r\n                <div class=\"row\">\r\n                    <div class=\"col-lg-6 col-md-12\">\r\n                        <div class=\"main-banner-content\">\r\n                                                            <span class=\"sub-title\">\r\n                                                                            <i class=\"bx bx-hash\"><\/i>\r\n                                                                        INFORMAZIONI SULLA NOSTRA CLINICA                                <\/span>\r\n                            \r\n                            <h1>\r\n                                La tua <b>salute<\/b> orale \u00e8 la nostra priorit\u00e0                            <\/h1>\r\n\r\n                            <p>Siamo pi\u00f9 di una semplice clinica dentale: siamo un team dedicato di professionisti impegnati a fornire cure orali eccezionali e personalizzate. Le nostre strutture all'avanguardia e la tecnologia avanzata garantiscono che tu riceva il pi\u00f9 alto standard di trattamento in un ambiente confortevole e accogliente.<\/p>\r\n\r\n                                                    <\/div>\r\n\r\n                    <\/div>\r\n\r\n                    <div class=\"col-lg-6 col-md-12\">\r\n                        <div class=\"main-banner-image\" style=\"background-image: url(http:\/\/whitedental-aesthetic.al\/wp-content\/uploads\/2023\/12\/image00016.jpeg )\"><\/div>\r\n                    <\/div>\r\n                <\/div>\r\n\r\n            <\/div>\r\n\r\n                            <div class=\"main-banner-shape-1\">\r\n                    <img decoding=\"async\" src=\"https:\/\/themes.hibootstrap.com\/rola\/wp-content\/uploads\/2021\/09\/shape-1.png\" alt=\"image\">\r\n                <\/div>\r\n            \r\n                            <div class=\"main-banner-shape-2\">\r\n                    <img decoding=\"async\" src=\"https:\/\/themes.hibootstrap.com\/rola\/wp-content\/uploads\/2021\/09\/shape-2.png\" alt=\"image\">\r\n                <\/div>\r\n                    <\/div>\r\n\r\n        \t\t\t\t<\/div>\n\t\t\t\t<\/div>\n\t\t\t\t<div class=\"elementor-element elementor-element-e14f60f elementor-widget elementor-widget-Rola_Overview_Area\" data-id=\"e14f60f\" data-element_type=\"widget\" data-e-type=\"widget\" data-widget_type=\"Rola_Overview_Area.default\">\n\t\t\t\t<div class=\"elementor-widget-container\">\n\t\t\t\t\t\r\n        <div class=\"overview-area ptb-100\" style=\"background-image: url(https:\/\/themes.hibootstrap.com\/rola\/wp-content\/uploads\/2021\/10\/overview-bg.jpg )\">\r\n            <div class=\"container\">\r\n                <div class=\"row align-items-center\">\r\n                    <div class=\"col-lg-7 col-md-12\">\r\n                                                    <div class=\"overview-content\">\r\n                                <h3>I sorrisi belli iniziano con noi! <br><b>Fissa un Appuntamento<\/b><\/h3>\r\n                            <\/div>\r\n                                            <\/div>\r\n                    <div class=\"col-lg-5 col-md-12\">\r\n                                                    <ul class=\"overview-btn-list text-end\">\r\n                                                                    <li><a href=\"http:\/\/whitedental-aesthetic.al\/appointment\/\" class=\"default-btn\"> Prenota Appuntamento<\/a><\/li>\r\n                                                                \r\n                                                                    <li><a href=\"https:\/\/whitedental-aesthetic.al\/contact-us\/\" class=\"optional-btn\">Consulenza Gratuita<\/a><\/li>\r\n                                                            <\/ul>\r\n                                            <\/div>\r\n                <\/div>\r\n            <\/div>\r\n        <\/div>\r\n\r\n        \t\t\t\t<\/div>\n\t\t\t\t<\/div>\n\t\t\t\t\t<\/div>\n\t\t<\/div>\n\t\t\t\t\t<\/div>\n\t\t<\/div>\n\t\t\t\t<div class=\"elementor-section elementor-top-section elementor-element elementor-element-f586772 elementor-section-full_width doctor-area-without-color pt-100 pb-100 elementor-section-height-min-height elementor-section-height-default elementor-section-items-middle\" data-id=\"f586772\" data-element_type=\"section\" data-e-type=\"section\">\n\t\t\t\t\t\t<div class=\"elementor-container elementor-column-gap-no\">\n\t\t\t\t\t<div class=\"elementor-column elementor-col-100 elementor-top-column elementor-element elementor-element-18a5ce2\" data-id=\"18a5ce2\" data-element_type=\"column\" data-e-type=\"column\">\n\t\t\t<div class=\"elementor-widget-wrap elementor-element-populated\">\n\t\t\t\t\t\t<div class=\"elementor-element elementor-element-5208b36 elementor-widget elementor-widget-RolaSkinCareDry_Area\" data-id=\"5208b36\" data-element_type=\"widget\" data-e-type=\"widget\" data-widget_type=\"RolaSkinCareDry_Area.default\">\n\t\t\t\t<div class=\"elementor-widget-container\">\n\t\t\t\t\t\r\n        <div class=\"skin-care-dry-area ptb-100\">\r\n            <div class=\"container\">\r\n                <div class=\"row align-items-center\">\r\n                    <div class=\"col-lg-7 col-md-12\">\r\n                        <div class=\"skin-care-dry-content\">\r\n                                                            <span>\r\n                                    <i class=\"bx bx-hash\"><\/i>\r\n                                    Il Nostro Motto                                <\/span>\r\n                            \r\n                                                            <h3>\"Qualit\u00e0 Dedizione Professionalit\u00e0\"<\/h3>\r\n                            \r\n                            <p>Presso White Dental &amp; Aesthetic, incarniamo Qualit\u00e0, Etica del Lavoro, e Professionalit\u00e0.<br> Il nostro impegno per l'eccellenza assicura che ogni aspetto della tua esperienza rifletta i pi\u00f9 alti standard. Dalla qualit\u00e0 dei nostri trattamenti alla dedizione dei nostri professionisti qualificati, la nostra clinica \u00e8 una testimonianza dell'incrollabile etica del lavoro e dell'impegno per la professionalit\u00e0.<br> Fidati di noi per offrirti non solo cure dentali, ma anche un'incarnazione dei valori che ci definiscono \u2013 Qualit\u00e0, Etica del Lavoro, Professionalit\u00e0.<br><br><b>Il tuo viaggio verso un sorriso pi\u00f9 luminoso e sano inizia con noi.<\/b><\/p>\r\n\r\n                            <div class=\"row\">\r\n                                <div class=\"col-lg-6 col-md-6\">\r\n                                    <ul class=\"list\">\r\n                                                                                    <li>\r\n                                                                                                                                            <\/li>\r\n                                                                            <\/ul>\r\n                                <\/div>\r\n                                <div class=\"col-lg-6 col-md-6\">\r\n                                    <ul class=\"list\">\r\n                                                                                    <li>\r\n                                                \r\n                                                                                            <\/li>\r\n                                                                            <\/ul>\r\n                                <\/div>\r\n                            <\/div>\r\n                            <ul class=\"dry-list\">\r\n                                                                                                    \r\n                                                            <\/ul>\r\n                        <\/div>\r\n                    <\/div>\r\n\r\n                                        <div class=\"col-lg-5 col-md-12\">\r\n                        <div class=\"skin-care-dry-image\">\r\n                            <img decoding=\"async\" src=\"https:\/\/themes.hibootstrap.com\/rola\/wp-content\/uploads\/2022\/01\/dry.png\" alt=\"image \">\r\n                        <\/div>\r\n                    <\/div>\r\n                                    <\/div>\r\n            <\/div>\r\n        <\/div>\r\n\r\n        \t\t\t\t<\/div>\n\t\t\t\t<\/div>\n\t\t\t\t<div class=\"elementor-element elementor-element-27f3c0f elementor-hidden-desktop elementor-hidden-tablet elementor-widget elementor-widget-spacer\" data-id=\"27f3c0f\" data-element_type=\"widget\" data-e-type=\"widget\" data-widget_type=\"spacer.default\">\n\t\t\t\t<div class=\"elementor-widget-container\">\n\t\t\t\t\t\t\t<div class=\"elementor-spacer\">\n\t\t\t<div class=\"elementor-spacer-inner\"><\/div>\n\t\t<\/div>\n\t\t\t\t\t\t<\/div>\n\t\t\t\t<\/div>\n\t\t\t\t\t<\/div>\n\t\t<\/div>\n\t\t\t\t\t<\/div>\n\t\t<\/div>\n\t\t\t\t<div class=\"elementor-section elementor-top-section elementor-element elementor-element-bc7c12c elementor-section-full_width elementor-section-height-min-height elementor-section-height-default elementor-section-items-middle\" data-id=\"bc7c12c\" data-element_type=\"section\" data-e-type=\"section\">\n\t\t\t\t\t\t<div class=\"elementor-container elementor-column-gap-no\">\n\t\t\t\t\t<div class=\"elementor-column elementor-col-100 elementor-top-column elementor-element elementor-element-216839a\" data-id=\"216839a\" data-element_type=\"column\" data-e-type=\"column\">\n\t\t\t<div class=\"elementor-widget-wrap elementor-element-populated\">\n\t\t\t\t\t\t<div class=\"elementor-element elementor-element-36ce1a8 elementor-widget elementor-widget-Rola_About_Area\" data-id=\"36ce1a8\" data-element_type=\"widget\" data-e-type=\"widget\" data-widget_type=\"Rola_About_Area.default\">\n\t\t\t\t<div class=\"elementor-widget-container\">\n\t\t\t\t\t\r\n                    <div class=\"about-area\">\r\n                <div class=\"container\">\r\n                    <div class=\"row\">\r\n                                                <div class=\"col-lg-6 col-md-12\">\r\n                            <div class=\"about-image\" style=\"background-image: url(http:\/\/whitedental-aesthetic.al\/wp-content\/uploads\/2023\/12\/2-47.jpg )\"><\/div>\r\n                        <\/div>\r\n                        <div class=\"col-lg-6 col-md-12\">\r\n                                                    <div class=\"about-content\">\r\n                                \r\n                                                                    <h3>Perch\u00e9 Sceglierci?<\/h3>\r\n                                \r\n                                <p>Dal primo momento, noterai la differenza.<br><br>\n\nOltre ai 5 anni di esperienza e alla variet\u00e0 e qualit\u00e0 dei servizi offerti dalla nostra clinica, noterai anche l'atmosfera piacevole che ti offre un'esperienza nuova e rilassante rispetto ad altre cliniche.<br><br>Ci assicureremo che la tua consulenza sia il pi\u00f9 chiara possibile, con tutto spiegato in dettaglio dal nostro personale amichevole! Questo \u00e8 uno dei tanti motivi per cui i nostri pazienti si fidano di noi.<\/p>\r\n\r\n                                <div class=\"row\">\r\n                                    <div class=\"col-lg-6 col-md-6\">\r\n                                        <ul class=\"about-list\">\r\n                                                                                            <li>\r\n                                                                                                            <i class=\"bx bx-check\"><\/i>\r\n                                                                                                        Servizio di Alto Livello                                                <\/li>\r\n                                                                                            <li>\r\n                                                                                                            <i class=\"bx bx-check\"><\/i>\r\n                                                                                                        Garanzia di 5 Anni                                                <\/li>\r\n                                                                                    <\/ul>\r\n                                    <\/div>\r\n\r\n                                    <div class=\"col-lg-6 col-md-6\">\r\n                                        <ul class=\"about-list\">\r\n                                                                                            <li>\r\n                                                                                                            <i class=\"bx bx-check\"><\/i>\r\n                                                    \r\n                                                    Tecnologia All&#039;Avanguardia                                                <\/li>\r\n                                                                                            <li>\r\n                                                                                                            <i class=\"bx bx-check\"><\/i>\r\n                                                    \r\n                                                    Materiali di Qualit\u00e0                                                <\/li>\r\n                                                                                    <\/ul>\r\n                                    <\/div>\r\n                                <\/div>\r\n                            <\/div>\r\n                        <\/div>\r\n                    <\/div>\r\n                <\/div>\r\n            <\/div>\r\n        \r\n        \t\t\t\t<\/div>\n\t\t\t\t<\/div>\n\t\t\t\t<div class=\"elementor-element elementor-element-16c91aa elementor-widget elementor-widget-spacer\" data-id=\"16c91aa\" data-element_type=\"widget\" data-e-type=\"widget\" data-widget_type=\"spacer.default\">\n\t\t\t\t<div class=\"elementor-widget-container\">\n\t\t\t\t\t\t\t<div class=\"elementor-spacer\">\n\t\t\t<div class=\"elementor-spacer-inner\"><\/div>\n\t\t<\/div>\n\t\t\t\t\t\t<\/div>\n\t\t\t\t<\/div>\n\t\t\t\t\t<\/div>\n\t\t<\/div>\n\t\t\t\t\t<\/div>\n\t\t<\/div>\n\t\t\t\t<\/div>\n\t\t","protected":false},"excerpt":{"rendered":"<p>INFORMAZIONI SULLA NOSTRA CLINICA La tua salute orale \u00e8 la nostra priorit\u00e0 Siamo pi\u00f9 di una semplice clinica dentale: siamo un team dedicato di professionisti impegnati a fornire cure orali eccezionali e personalizzate. Le nostre strutture all&#8217;avanguardia e la tecnologia avanzata garantiscono che tu riceva il pi\u00f9 alto standard di trattamento in un ambiente confortevole <\/p>\n","protected":false},"author":1,"featured_media":4319,"parent":0,"menu_order":0,"comment_status":"closed","ping_status":"closed","template":"elementor_header_footer","meta":{"footnotes":""},"class_list":["post-6066","page","type-page","status-publish","has-post-thumbnail","hentry"],"acf":[],"aioseo_notices":[],"_links":{"self":[{"href":"https:\/\/whitedental-aesthetic.al\/it\/wp-json\/wp\/v2\/pages\/6066","targetHints":{"allow":["GET"]}}],"collection":[{"href":"https:\/\/whitedental-aesthetic.al\/it\/wp-json\/wp\/v2\/pages"}],"about":[{"href":"https:\/\/whitedental-aesthetic.al\/it\/wp-json\/wp\/v2\/types\/page"}],"author":[{"embeddable":true,"href":"https:\/\/whitedental-aesthetic.al\/it\/wp-json\/wp\/v2\/users\/1"}],"replies":[{"embeddable":true,"href":"https:\/\/whitedental-aesthetic.al\/it\/wp-json\/wp\/v2\/comments?post=6066"}],"version-history":[{"count":10,"href":"https:\/\/whitedental-aesthetic.al\/it\/wp-json\/wp\/v2\/pages\/6066\/revisions"}],"predecessor-version":[{"id":6295,"href":"https:\/\/whitedental-aesthetic.al\/it\/wp-json\/wp\/v2\/pages\/6066\/revisions\/6295"}],"wp:featuredmedia":[{"embeddable":true,"href":"https:\/\/whitedental-aesthetic.al\/it\/wp-json\/wp\/v2\/media\/4319"}],"wp:attachment":[{"href":"https:\/\/whitedental-aesthetic.al\/it\/wp-json\/wp\/v2\/media?parent=6066"}],"curies":[{"name":"wp","href":"https:\/\/api.w.org\/{rel}","templated":true}]}}